{"id":1129,"date":"2024-05-04T06:02:44","date_gmt":"2024-05-04T05:02:44","guid":{"rendered":"https:\/\/www.ouffsonadvisoryinternational.com\/?page_id=1129"},"modified":"2024-05-04T07:00:57","modified_gmt":"2024-05-04T06:00:57","slug":"our-projects","status":"publish","type":"page","link":"https:\/\/www.ouffsonadvisoryinternational.com\/fr\/our-projects\/","title":{"rendered":"Nos projets"},"content":{"rendered":"<div data-elementor-type=\"wp-page\" data-elementor-id=\"1129\" class=\"elementor elementor-1129\">\n\t\t\t\t<div class=\"elementor-element elementor-element-1d2f352 e-flex e-con-boxed wpr-particle-no wpr-jarallax-no wpr-parallax-no wpr-sticky-section-no e-con e-parent\" data-id=\"1d2f352\" data-element_type=\"container\">\n\t\t\t\t\t<div class=\"e-con-inner\">\n\t\t\t\t<div class=\"elementor-element elementor-element-2d04f3d elementor-widget elementor-widget-avas-portfolio\" data-id=\"2d04f3d\" data-element_type=\"widget\" data-widget_type=\"avas-portfolio.default\">\n\t\t\t\t<div class=\"elementor-widget-container\">\n\t\t\t\n    <div class=\"tx-row\">\n        <div class=\"portfolio-filter-wrap\">\n        <ul class=\"portfolio-filters\">\n                    <li class=\"active\" data-filter=\"*\">All<\/li>\n        <li  data-filter=\".buildings\">B\u00c2TIMENTS<\/li><li  data-filter=\".industrial\">INDUSTRIEL<\/li><li  data-filter=\".infrastructure\">INFRASTRUCTURE<\/li>        <\/ul>\n    <\/div>\n    \n    <div class=\"tx-portfolio\">\n    \n    <div class=\"col-lg-4 col-sm-4 effects-1 tx-portfolio-item industrial grid-h\">\n        <a href=\"https:\/\/www.ouffsonadvisoryinternational.com\/fr\/portfolio\/industrials\/\">\n        <div class=\"tx-port-overlay\"> \n            \n            <div class=\"tx-port-img\">\n                                            \n                              <img decoding=\"async\" src=\"https:\/\/www.ouffsonadvisoryinternational.com\/wp-content\/uploads\/2024\/04\/Industrial-1.jpg\" alt=\"Industrials\" >\n                            \n                              \n            <\/div><!-- \/.tx-port-img -->\n            \n            <div class=\"tx-port-overlay-content\">\n                <div class=\"tx-port-overlay-content-wrap\">\n\n                                                          <div class=\"tx-port-cat\">\n                        <a href=\"https:\/\/www.ouffsonadvisoryinternational.com\/fr\/portfolio-category\/industrial\/\">industriel<\/a>\n                      <\/div><!-- \/.tx-port-cat -->\n                      \n\n                                  <h4 class=\"tx-port-title\"><a href=\"https:\/\/www.ouffsonadvisoryinternational.com\/fr\/portfolio\/industrials\/\">industriel<\/a><\/h4>\n                                \n                                  <p class=\"tx-port-excp\"><\/p>  \n                                                <div class=\"tx-port-enlrg-link\">\n                                      <a class=\"tx-port-enlarge\" href=\"#item-870\" data-effect=\"mfp-zoom-in\"><i class=\"bi bi-search\"><\/i><\/a>\n                  \n                                      <a class=\"tx-port-link\" href=\"https:\/\/www.ouffsonadvisoryinternational.com\/fr\/portfolio\/industrials\/\"><i class=\"bi bi-link-45deg\"><\/i><\/a>\n                                  \n                <\/div><!-- .\/tx-port-enlrg-link -->\n\n                <\/div><!-- tx-port-overlay-content-wrap -->\n\n            <\/div><!-- \/.tx-port-overlay-content -->\n\n        <\/div><!-- .\/tx-port-overlay --><\/a>\n\n            \n                            <div id=\"item-870\" class=\"tx-port-enlrg-content mfp-hide mfp-with-anim\">\n                  <img fetchpriority=\"high\" decoding=\"async\" width=\"485\" height=\"335\" src=\"https:\/\/www.ouffsonadvisoryinternational.com\/wp-content\/uploads\/2024\/04\/Industrial-1.jpg\" class=\"attachment-full size-full wp-post-image\" alt=\"\" srcset=\"https:\/\/www.ouffsonadvisoryinternational.com\/wp-content\/uploads\/2024\/04\/Industrial-1.jpg 485w, https:\/\/www.ouffsonadvisoryinternational.com\/wp-content\/uploads\/2024\/04\/Industrial-1-300x207.jpg 300w, https:\/\/www.ouffsonadvisoryinternational.com\/wp-content\/uploads\/2024\/04\/Industrial-1-320x220.jpg 320w, https:\/\/www.ouffsonadvisoryinternational.com\/wp-content\/uploads\/2024\/04\/Industrial-1-80x55.jpg 80w, https:\/\/www.ouffsonadvisoryinternational.com\/wp-content\/uploads\/2024\/04\/Industrial-1-360x249.jpg 360w, https:\/\/www.ouffsonadvisoryinternational.com\/wp-content\/uploads\/2024\/04\/Industrial-1-373x258.jpg 373w, https:\/\/www.ouffsonadvisoryinternational.com\/wp-content\/uploads\/2024\/04\/Industrial-1-460x318.jpg 460w, https:\/\/www.ouffsonadvisoryinternational.com\/wp-content\/uploads\/2024\/04\/Industrial-1-365x252.jpg 365w\" sizes=\"(max-width: 485px) 100vw, 485px\" \/>                <\/div><!-- \/.tx-port-enlrg-content -->\n                  \n\n                                <\/div><!-- \/.tx-portfolio-item -->\n\n        \n    <div class=\"col-lg-4 col-sm-4 effects-1 tx-portfolio-item infrastructure grid-h\">\n        <a href=\"https:\/\/www.ouffsonadvisoryinternational.com\/fr\/portfolio\/transports\/\">\n        <div class=\"tx-port-overlay\"> \n            \n            <div class=\"tx-port-img\">\n                                            \n                              <img decoding=\"async\" src=\"https:\/\/www.ouffsonadvisoryinternational.com\/wp-content\/uploads\/2024\/04\/Infrasturcture.jpg\" alt=\"Infrastructure\" >\n                            \n                              \n            <\/div><!-- \/.tx-port-img -->\n            \n            <div class=\"tx-port-overlay-content\">\n                <div class=\"tx-port-overlay-content-wrap\">\n\n                                                          <div class=\"tx-port-cat\">\n                        <a href=\"https:\/\/www.ouffsonadvisoryinternational.com\/fr\/portfolio-category\/infrastructure\/\">Infrastructure<\/a>\n                      <\/div><!-- \/.tx-port-cat -->\n                      \n\n                                  <h4 class=\"tx-port-title\"><a href=\"https:\/\/www.ouffsonadvisoryinternational.com\/fr\/portfolio\/transports\/\">Infrastructure<\/a><\/h4>\n                                \n                                  <p class=\"tx-port-excp\"><\/p>  \n                                                <div class=\"tx-port-enlrg-link\">\n                                      <a class=\"tx-port-enlarge\" href=\"#item-869\" data-effect=\"mfp-zoom-in\"><i class=\"bi bi-search\"><\/i><\/a>\n                  \n                                      <a class=\"tx-port-link\" href=\"https:\/\/www.ouffsonadvisoryinternational.com\/fr\/portfolio\/transports\/\"><i class=\"bi bi-link-45deg\"><\/i><\/a>\n                                  \n                <\/div><!-- .\/tx-port-enlrg-link -->\n\n                <\/div><!-- tx-port-overlay-content-wrap -->\n\n            <\/div><!-- \/.tx-port-overlay-content -->\n\n        <\/div><!-- .\/tx-port-overlay --><\/a>\n\n            \n                            <div id=\"item-869\" class=\"tx-port-enlrg-content mfp-hide mfp-with-anim\">\n                  <img decoding=\"async\" width=\"485\" height=\"335\" src=\"https:\/\/www.ouffsonadvisoryinternational.com\/wp-content\/uploads\/2024\/04\/Infrasturcture.jpg\" class=\"attachment-full size-full wp-post-image\" alt=\"Infrastructure-Bridge\" srcset=\"https:\/\/www.ouffsonadvisoryinternational.com\/wp-content\/uploads\/2024\/04\/Infrasturcture.jpg 485w, https:\/\/www.ouffsonadvisoryinternational.com\/wp-content\/uploads\/2024\/04\/Infrasturcture-300x207.jpg 300w, https:\/\/www.ouffsonadvisoryinternational.com\/wp-content\/uploads\/2024\/04\/Infrasturcture-320x220.jpg 320w, https:\/\/www.ouffsonadvisoryinternational.com\/wp-content\/uploads\/2024\/04\/Infrasturcture-80x55.jpg 80w, https:\/\/www.ouffsonadvisoryinternational.com\/wp-content\/uploads\/2024\/04\/Infrasturcture-360x249.jpg 360w, https:\/\/www.ouffsonadvisoryinternational.com\/wp-content\/uploads\/2024\/04\/Infrasturcture-373x258.jpg 373w, https:\/\/www.ouffsonadvisoryinternational.com\/wp-content\/uploads\/2024\/04\/Infrasturcture-460x318.jpg 460w, https:\/\/www.ouffsonadvisoryinternational.com\/wp-content\/uploads\/2024\/04\/Infrasturcture-365x252.jpg 365w\" sizes=\"(max-width: 485px) 100vw, 485px\" \/>                <\/div><!-- \/.tx-port-enlrg-content -->\n                  \n\n                                <\/div><!-- \/.tx-portfolio-item -->\n\n        \n    <div class=\"col-lg-4 col-sm-4 effects-1 tx-portfolio-item buildings grid-h\">\n        <a href=\"https:\/\/www.ouffsonadvisoryinternational.com\/fr\/portfolio\/modern\/\">\n        <div class=\"tx-port-overlay\"> \n            \n            <div class=\"tx-port-img\">\n                                            \n                              <img decoding=\"async\" src=\"https:\/\/www.ouffsonadvisoryinternational.com\/wp-content\/uploads\/2024\/04\/Smart-City.jpg\" alt=\"Modern\" >\n                            \n                              \n            <\/div><!-- \/.tx-port-img -->\n            \n            <div class=\"tx-port-overlay-content\">\n                <div class=\"tx-port-overlay-content-wrap\">\n\n                                                          <div class=\"tx-port-cat\">\n                        <a href=\"https:\/\/www.ouffsonadvisoryinternational.com\/fr\/portfolio-category\/buildings\/\">b\u00e2timents<\/a>\n                      <\/div><!-- \/.tx-port-cat -->\n                      \n\n                                  <h4 class=\"tx-port-title\"><a href=\"https:\/\/www.ouffsonadvisoryinternational.com\/fr\/portfolio\/modern\/\">Moderne<\/a><\/h4>\n                                \n                                  <p class=\"tx-port-excp\"><\/p>  \n                                                <div class=\"tx-port-enlrg-link\">\n                                      <a class=\"tx-port-enlarge\" href=\"#item-868\" data-effect=\"mfp-zoom-in\"><i class=\"bi bi-search\"><\/i><\/a>\n                  \n                                      <a class=\"tx-port-link\" href=\"https:\/\/www.ouffsonadvisoryinternational.com\/fr\/portfolio\/modern\/\"><i class=\"bi bi-link-45deg\"><\/i><\/a>\n                                  \n                <\/div><!-- .\/tx-port-enlrg-link -->\n\n                <\/div><!-- tx-port-overlay-content-wrap -->\n\n            <\/div><!-- \/.tx-port-overlay-content -->\n\n        <\/div><!-- .\/tx-port-overlay --><\/a>\n\n            \n                            <div id=\"item-868\" class=\"tx-port-enlrg-content mfp-hide mfp-with-anim\">\n                  <img decoding=\"async\" width=\"485\" height=\"335\" src=\"https:\/\/www.ouffsonadvisoryinternational.com\/wp-content\/uploads\/2024\/04\/Smart-City.jpg\" class=\"attachment-full size-full wp-post-image\" alt=\"City Development\" srcset=\"https:\/\/www.ouffsonadvisoryinternational.com\/wp-content\/uploads\/2024\/04\/Smart-City.jpg 485w, https:\/\/www.ouffsonadvisoryinternational.com\/wp-content\/uploads\/2024\/04\/Smart-City-300x207.jpg 300w, https:\/\/www.ouffsonadvisoryinternational.com\/wp-content\/uploads\/2024\/04\/Smart-City-320x220.jpg 320w, https:\/\/www.ouffsonadvisoryinternational.com\/wp-content\/uploads\/2024\/04\/Smart-City-80x55.jpg 80w, https:\/\/www.ouffsonadvisoryinternational.com\/wp-content\/uploads\/2024\/04\/Smart-City-360x249.jpg 360w, https:\/\/www.ouffsonadvisoryinternational.com\/wp-content\/uploads\/2024\/04\/Smart-City-373x258.jpg 373w, https:\/\/www.ouffsonadvisoryinternational.com\/wp-content\/uploads\/2024\/04\/Smart-City-460x318.jpg 460w, https:\/\/www.ouffsonadvisoryinternational.com\/wp-content\/uploads\/2024\/04\/Smart-City-365x252.jpg 365w\" sizes=\"(max-width: 485px) 100vw, 485px\" \/>                <\/div><!-- \/.tx-port-enlrg-content -->\n                  \n\n                                <\/div><!-- \/.tx-portfolio-item -->\n\n                \n                <\/div><!-- \/.tx-portfolio -->\n      \n    <div class=\"clearfix\"><\/div>\n<\/div> <!-- .\/tx-row -->\n\n\n\t\t<\/div>\n\t\t\t\t<\/div>\n\t\t\t\t\t<\/div>\n\t\t\t\t<\/div>\n\t\t\t\t<\/div>","protected":false},"excerpt":{"rendered":"<p class=\"tx-excerpt\"><\/p>","protected":false},"author":1,"featured_media":0,"parent":0,"menu_order":0,"comment_status":"closed","ping_status":"closed","template":"","meta":{"footnotes":""},"class_list":["post-1129","page","type-page","status-publish","hentry"],"yoast_head":"<!-- This site is optimized with the Yoast SEO plugin v22.6 - https:\/\/yoast.com\/wordpress\/plugins\/seo\/ -->\n<title>Our Projects - OUFFSON ADVISORY INTERNATIONAL<\/title>\n<meta name=\"description\" content=\"Ouffson Advisory International est un cabinet expert en infrastructure, investissement et finance. Notre \u00e9quipe propose des solutions strat\u00e9giques et innovantes pour les projets mondiaux. Contactez-nous pour des conseils d&#039;experts et des services personnalis\u00e9s.\" \/>\n<meta name=\"robots\" content=\"index, follow, max-snippet:-1, max-image-preview:large, max-video-preview:-1\" \/>\n<link rel=\"canonical\" href=\"https:\/\/www.ouffsonadvisoryinternational.com\/fr\/our-projects\/\" \/>\n<meta property=\"og:locale\" content=\"fr_FR\" \/>\n<meta property=\"og:type\" content=\"article\" \/>\n<meta property=\"og:title\" content=\"Our Projects - OUFFSON ADVISORY INTERNATIONAL\" \/>\n<meta property=\"og:description\" content=\"Ouffson Advisory International est un cabinet expert en infrastructure, investissement et finance. Notre \u00e9quipe propose des solutions strat\u00e9giques et innovantes pour les projets mondiaux. Contactez-nous pour des conseils d&#039;experts et des services personnalis\u00e9s.\" \/>\n<meta property=\"og:url\" content=\"https:\/\/www.ouffsonadvisoryinternational.com\/fr\/our-projects\/\" \/>\n<meta property=\"og:site_name\" content=\"OUFFSON ADVISORY INTERNATIONAL\" \/>\n<meta property=\"article:modified_time\" content=\"2024-05-04T06:00:57+00:00\" \/>\n<meta property=\"og:image\" content=\"https:\/\/www.ouffsonadvisoryinternational.com\/wp-content\/uploads\/2024\/04\/Industrial-1.jpg\" \/>\n<meta name=\"twitter:card\" content=\"summary_large_image\" \/>\n<meta name=\"twitter:label1\" content=\"Dur\u00e9e de lecture estim\u00e9e\" \/>\n\t<meta name=\"twitter:data1\" content=\"2 minutes\" \/>\n<script type=\"application\/ld+json\" class=\"yoast-schema-graph\">{\"@context\":\"https:\/\/schema.org\",\"@graph\":[{\"@type\":\"WebPage\",\"@id\":\"https:\/\/www.ouffsonadvisoryinternational.com\/our-projects\/\",\"url\":\"https:\/\/www.ouffsonadvisoryinternational.com\/our-projects\/\",\"name\":\"Our Projects - OUFFSON ADVISORY INTERNATIONAL\",\"isPartOf\":{\"@id\":\"https:\/\/www.ouffsonadvisoryinternational.com\/#website\"},\"primaryImageOfPage\":{\"@id\":\"https:\/\/www.ouffsonadvisoryinternational.com\/our-projects\/#primaryimage\"},\"image\":{\"@id\":\"https:\/\/www.ouffsonadvisoryinternational.com\/our-projects\/#primaryimage\"},\"thumbnailUrl\":\"https:\/\/www.ouffsonadvisoryinternational.com\/wp-content\/uploads\/2024\/04\/Industrial-1.jpg\",\"datePublished\":\"2024-05-04T05:02:44+00:00\",\"dateModified\":\"2024-05-04T06:00:57+00:00\",\"description\":\"Ouffson Advisory International est un cabinet expert en infrastructure, investissement et finance. Notre \u00e9quipe propose des solutions strat\u00e9giques et innovantes pour les projets mondiaux. Contactez-nous pour des conseils d'experts et des services personnalis\u00e9s.\",\"breadcrumb\":{\"@id\":\"https:\/\/www.ouffsonadvisoryinternational.com\/our-projects\/#breadcrumb\"},\"inLanguage\":\"fr-FR\",\"potentialAction\":[{\"@type\":\"ReadAction\",\"target\":[\"https:\/\/www.ouffsonadvisoryinternational.com\/our-projects\/\"]}]},{\"@type\":\"ImageObject\",\"inLanguage\":\"fr-FR\",\"@id\":\"https:\/\/www.ouffsonadvisoryinternational.com\/our-projects\/#primaryimage\",\"url\":\"https:\/\/www.ouffsonadvisoryinternational.com\/wp-content\/uploads\/2024\/04\/Industrial-1.jpg\",\"contentUrl\":\"https:\/\/www.ouffsonadvisoryinternational.com\/wp-content\/uploads\/2024\/04\/Industrial-1.jpg\"},{\"@type\":\"BreadcrumbList\",\"@id\":\"https:\/\/www.ouffsonadvisoryinternational.com\/our-projects\/#breadcrumb\",\"itemListElement\":[{\"@type\":\"ListItem\",\"position\":1,\"name\":\"Accueil\",\"item\":\"https:\/\/www.ouffsonadvisoryinternational.com\/\"},{\"@type\":\"ListItem\",\"position\":2,\"name\":\"Our Projects\"}]},{\"@type\":\"WebSite\",\"@id\":\"https:\/\/www.ouffsonadvisoryinternational.com\/#website\",\"url\":\"https:\/\/www.ouffsonadvisoryinternational.com\/\",\"name\":\"OUFFSON ADVISORY INTERNATIONAL\",\"description\":\"Infrastructure | Investment | Finance\",\"publisher\":{\"@id\":\"https:\/\/www.ouffsonadvisoryinternational.com\/#organization\"},\"potentialAction\":[{\"@type\":\"SearchAction\",\"target\":{\"@type\":\"EntryPoint\",\"urlTemplate\":\"https:\/\/www.ouffsonadvisoryinternational.com\/?s={search_term_string}\"},\"query-input\":\"required name=search_term_string\"}],\"inLanguage\":\"fr-FR\"},{\"@type\":\"Organization\",\"@id\":\"https:\/\/www.ouffsonadvisoryinternational.com\/#organization\",\"name\":\"OUFFSON ADVISORY INTERNATIONAL\",\"url\":\"https:\/\/www.ouffsonadvisoryinternational.com\/\",\"logo\":{\"@type\":\"ImageObject\",\"inLanguage\":\"fr-FR\",\"@id\":\"https:\/\/www.ouffsonadvisoryinternational.com\/#\/schema\/logo\/image\/\",\"url\":\"https:\/\/ouffsonadvisoryinternational.com\/wp-content\/uploads\/2023\/07\/cropped-Ouffson-Logo-1-1.png\",\"contentUrl\":\"https:\/\/ouffsonadvisoryinternational.com\/wp-content\/uploads\/2023\/07\/cropped-Ouffson-Logo-1-1.png\",\"width\":500,\"height\":200,\"caption\":\"OUFFSON ADVISORY INTERNATIONAL\"},\"image\":{\"@id\":\"https:\/\/www.ouffsonadvisoryinternational.com\/#\/schema\/logo\/image\/\"},\"sameAs\":[\"https:\/\/www.linkedin.com\/in\/andrew-konan-ouffoue-571413158\/\"]}]}<\/script>\n<!-- \/ Yoast SEO plugin. -->","yoast_head_json":{"title":"Our Projects - OUFFSON ADVISORY INTERNATIONAL","description":"Ouffson Advisory International est un cabinet expert en infrastructure, investissement et finance. Notre \u00e9quipe propose des solutions strat\u00e9giques et innovantes pour les projets mondiaux. Contactez-nous pour des conseils d'experts et des services personnalis\u00e9s.","robots":{"index":"index","follow":"follow","max-snippet":"max-snippet:-1","max-image-preview":"max-image-preview:large","max-video-preview":"max-video-preview:-1"},"canonical":"https:\/\/www.ouffsonadvisoryinternational.com\/fr\/our-projects\/","og_locale":"fr_FR","og_type":"article","og_title":"Our Projects - OUFFSON ADVISORY INTERNATIONAL","og_description":"Ouffson Advisory International est un cabinet expert en infrastructure, investissement et finance. Notre \u00e9quipe propose des solutions strat\u00e9giques et innovantes pour les projets mondiaux. Contactez-nous pour des conseils d'experts et des services personnalis\u00e9s.","og_url":"https:\/\/www.ouffsonadvisoryinternational.com\/fr\/our-projects\/","og_site_name":"OUFFSON ADVISORY INTERNATIONAL","article_modified_time":"2024-05-04T06:00:57+00:00","og_image":[{"url":"https:\/\/www.ouffsonadvisoryinternational.com\/wp-content\/uploads\/2024\/04\/Industrial-1.jpg"}],"twitter_card":"summary_large_image","twitter_misc":{"Dur\u00e9e de lecture estim\u00e9e":"2 minutes"},"schema":{"@context":"https:\/\/schema.org","@graph":[{"@type":"WebPage","@id":"https:\/\/www.ouffsonadvisoryinternational.com\/our-projects\/","url":"https:\/\/www.ouffsonadvisoryinternational.com\/our-projects\/","name":"Our Projects - OUFFSON ADVISORY INTERNATIONAL","isPartOf":{"@id":"https:\/\/www.ouffsonadvisoryinternational.com\/#website"},"primaryImageOfPage":{"@id":"https:\/\/www.ouffsonadvisoryinternational.com\/our-projects\/#primaryimage"},"image":{"@id":"https:\/\/www.ouffsonadvisoryinternational.com\/our-projects\/#primaryimage"},"thumbnailUrl":"https:\/\/www.ouffsonadvisoryinternational.com\/wp-content\/uploads\/2024\/04\/Industrial-1.jpg","datePublished":"2024-05-04T05:02:44+00:00","dateModified":"2024-05-04T06:00:57+00:00","description":"Ouffson Advisory International est un cabinet expert en infrastructure, investissement et finance. Notre \u00e9quipe propose des solutions strat\u00e9giques et innovantes pour les projets mondiaux. Contactez-nous pour des conseils d'experts et des services personnalis\u00e9s.","breadcrumb":{"@id":"https:\/\/www.ouffsonadvisoryinternational.com\/our-projects\/#breadcrumb"},"inLanguage":"fr-FR","potentialAction":[{"@type":"ReadAction","target":["https:\/\/www.ouffsonadvisoryinternational.com\/our-projects\/"]}]},{"@type":"ImageObject","inLanguage":"fr-FR","@id":"https:\/\/www.ouffsonadvisoryinternational.com\/our-projects\/#primaryimage","url":"https:\/\/www.ouffsonadvisoryinternational.com\/wp-content\/uploads\/2024\/04\/Industrial-1.jpg","contentUrl":"https:\/\/www.ouffsonadvisoryinternational.com\/wp-content\/uploads\/2024\/04\/Industrial-1.jpg"},{"@type":"BreadcrumbList","@id":"https:\/\/www.ouffsonadvisoryinternational.com\/our-projects\/#breadcrumb","itemListElement":[{"@type":"ListItem","position":1,"name":"Accueil","item":"https:\/\/www.ouffsonadvisoryinternational.com\/"},{"@type":"ListItem","position":2,"name":"Our Projects"}]},{"@type":"WebSite","@id":"https:\/\/www.ouffsonadvisoryinternational.com\/#website","url":"https:\/\/www.ouffsonadvisoryinternational.com\/","name":"OUFFSON ADVISORY INTERNATIONAL","description":"Infrastructure | Investment | Finance","publisher":{"@id":"https:\/\/www.ouffsonadvisoryinternational.com\/#organization"},"potentialAction":[{"@type":"SearchAction","target":{"@type":"EntryPoint","urlTemplate":"https:\/\/www.ouffsonadvisoryinternational.com\/?s={search_term_string}"},"query-input":"required name=search_term_string"}],"inLanguage":"fr-FR"},{"@type":"Organization","@id":"https:\/\/www.ouffsonadvisoryinternational.com\/#organization","name":"OUFFSON ADVISORY INTERNATIONAL","url":"https:\/\/www.ouffsonadvisoryinternational.com\/","logo":{"@type":"ImageObject","inLanguage":"fr-FR","@id":"https:\/\/www.ouffsonadvisoryinternational.com\/#\/schema\/logo\/image\/","url":"https:\/\/ouffsonadvisoryinternational.com\/wp-content\/uploads\/2023\/07\/cropped-Ouffson-Logo-1-1.png","contentUrl":"https:\/\/ouffsonadvisoryinternational.com\/wp-content\/uploads\/2023\/07\/cropped-Ouffson-Logo-1-1.png","width":500,"height":200,"caption":"OUFFSON ADVISORY INTERNATIONAL"},"image":{"@id":"https:\/\/www.ouffsonadvisoryinternational.com\/#\/schema\/logo\/image\/"},"sameAs":["https:\/\/www.linkedin.com\/in\/andrew-konan-ouffoue-571413158\/"]}]}},"_links":{"self":[{"href":"https:\/\/www.ouffsonadvisoryinternational.com\/fr\/wp-json\/wp\/v2\/pages\/1129","targetHints":{"allow":["GET"]}}],"collection":[{"href":"https:\/\/www.ouffsonadvisoryinternational.com\/fr\/wp-json\/wp\/v2\/pages"}],"about":[{"href":"https:\/\/www.ouffsonadvisoryinternational.com\/fr\/wp-json\/wp\/v2\/types\/page"}],"author":[{"embeddable":true,"href":"https:\/\/www.ouffsonadvisoryinternational.com\/fr\/wp-json\/wp\/v2\/users\/1"}],"replies":[{"embeddable":true,"href":"https:\/\/www.ouffsonadvisoryinternational.com\/fr\/wp-json\/wp\/v2\/comments?post=1129"}],"version-history":[{"count":9,"href":"https:\/\/www.ouffsonadvisoryinternational.com\/fr\/wp-json\/wp\/v2\/pages\/1129\/revisions"}],"predecessor-version":[{"id":1171,"href":"https:\/\/www.ouffsonadvisoryinternational.com\/fr\/wp-json\/wp\/v2\/pages\/1129\/revisions\/1171"}],"wp:attachment":[{"href":"https:\/\/www.ouffsonadvisoryinternational.com\/fr\/wp-json\/wp\/v2\/media?parent=1129"}],"curies":[{"name":"wp","href":"https:\/\/api.w.org\/{rel}","templated":true}]}}