{"id":922,"date":"2024-04-26T22:36:28","date_gmt":"2024-04-26T21:36:28","guid":{"rendered":"https:\/\/www.ouffsonadvisoryinternational.com\/?page_id=922"},"modified":"2024-04-26T22:36:29","modified_gmt":"2024-04-26T21:36:29","slug":"terms-of-use","status":"publish","type":"page","link":"https:\/\/www.ouffsonadvisoryinternational.com\/fr\/terms-of-use\/","title":{"rendered":"Conditions d&#039;utilisation"},"content":{"rendered":"<h1 class=\"wp-block-heading\">Conditions d\u2019utilisation d\u2019Ouffson Advisory International<\/h1>\n\n\n\n<p>Bienvenue sur www.ouffsonadvisoryinternational.com. En acc\u00e9dant \u00e0 notre site Internet, vous acceptez les pr\u00e9sentes Conditions d&#039;Utilisation, en vigueur \u00e0 compter du 26\/04\/2024. Ces conditions r\u00e9gissent votre acc\u00e8s et votre utilisation de notre site Web et de nos services. Veuillez les lire attentivement.<\/p>\n\n\n\n<h2 class=\"wp-block-heading\">1. Acceptation des conditions<\/h2>\n\n\n\n<p>En utilisant www.ouffsonadvisoryinternational.com, vous confirmez que vous acceptez ces conditions et que vous vous engagez \u00e0 les respecter. Si vous n&#039;acceptez pas ces conditions, vous ne devez pas utiliser notre site.<\/p>\n\n\n\n<h2 class=\"wp-block-heading\">2. Modifications des Conditions<\/h2>\n\n\n\n<p>Ouffson Advisory International se r\u00e9serve le droit, \u00e0 sa discr\u00e9tion, de modifier ou de remplacer les pr\u00e9sentes Conditions d&#039;utilisation \u00e0 tout moment. Si une r\u00e9vision est importante, nous vous fournirons un pr\u00e9avis d&#039;au moins 30 jours avant que les nouvelles conditions n&#039;entrent en vigueur. Ce qui constitue un changement important sera d\u00e9termin\u00e9 \u00e0 notre seule discr\u00e9tion.<\/p>\n\n\n\n<h2 class=\"wp-block-heading\">3. Acc\u00e9der \u00e0 notre site<\/h2>\n\n\n\n<p>Nous ne garantissons pas que notre site, ou tout contenu qu&#039;il contient, sera toujours disponible ou ininterrompu. L&#039;acc\u00e8s \u00e0 notre site est autoris\u00e9 \u00e0 titre temporaire. Nous pouvons suspendre, retirer, interrompre ou modifier tout ou partie de notre site sans pr\u00e9avis. Nous ne serons pas responsables envers vous si, pour quelque raison que ce soit, notre site n&#039;est pas disponible \u00e0 tout moment ou pour n&#039;importe quelle p\u00e9riode.<\/p>\n\n\n\n<h2 class=\"wp-block-heading\">4. Droits de propri\u00e9t\u00e9 intellectuelle<\/h2>\n\n\n\n<p>Le contenu de notre site appartient \u00e0 Ouffson Advisory International ou \u00e0 ses conc\u00e9dants de licence et est prot\u00e9g\u00e9 par le droit d&#039;auteur et d&#039;autres lois sur la propri\u00e9t\u00e9 intellectuelle. Vous ne pouvez pas utiliser, reproduire, t\u00e9l\u00e9charger, distribuer ou afficher tout contenu, sauf pour votre usage personnel et non commercial, sauf si vous avez obtenu notre consentement \u00e9crit.<\/p>\n\n\n\n<h2 class=\"wp-block-heading\">5. Utilisations interdites<\/h2>\n\n\n\n<p>Vous ne pouvez utiliser notre site qu&#039;\u00e0 des fins licites et conform\u00e9ment aux pr\u00e9sentes Conditions. Vous acceptez de ne pas utiliser notre site\u00a0:<\/p>\n\n\n\n<ul class=\"wp-block-list\">\n<li>De quelque mani\u00e8re que ce soit qui enfreint toute loi ou r\u00e9glementation locale, nationale ou internationale applicable.<\/li>\n\n\n\n<li>De quelque mani\u00e8re que ce soit ill\u00e9gale ou frauduleuse, ou ayant un but ou un effet ill\u00e9gal ou frauduleux.<\/li>\n\n\n\n<li>Pour transmettre, ou faire envoyer, toute publicit\u00e9 ou mat\u00e9riel promotionnel non sollicit\u00e9 ou non autoris\u00e9 ou toute autre forme de sollicitation similaire (spam).<\/li>\n<\/ul>\n\n\n\n<h2 class=\"wp-block-heading\">6. Normes de contenu<\/h2>\n\n\n\n<p>Ces normes de contenu s&#039;appliquent \u00e0 tout le mat\u00e9riel que vous contribuez \u00e0 notre site (Contribution). Les cotisations doivent :<\/p>\n\n\n\n<ul class=\"wp-block-list\">\n<li>Soyez pr\u00e9cis (l\u00e0 o\u00f9 ils exposent des faits).<\/li>\n\n\n\n<li>\u00catre v\u00e9ritablement d\u00e9tenu (l\u00e0 o\u00f9 ils expriment leurs opinions).<\/li>\n\n\n\n<li>Se conformer \u00e0 la loi applicable dans tout pays \u00e0 partir duquel ils sont publi\u00e9s.<\/li>\n<\/ul>\n\n\n\n<h2 class=\"wp-block-heading\">7. Contenu g\u00e9n\u00e9r\u00e9 par l&#039;utilisateur<\/h2>\n\n\n\n<p>Ouffson Advisory International n&#039;est pas responsable et n&#039;approuve aucun contenu g\u00e9n\u00e9r\u00e9 par les utilisateurs. Nous nous r\u00e9servons le droit de supprimer tout contenu g\u00e9n\u00e9r\u00e9 par l&#039;utilisateur s&#039;il n&#039;est pas conforme \u00e0 nos normes de contenu.<\/p>\n\n\n\n<h2 class=\"wp-block-heading\">8. Lien vers notre site<\/h2>\n\n\n\n<p>Vous pouvez cr\u00e9er un lien vers notre page d&#039;accueil, \u00e0 condition de le faire d&#039;une mani\u00e8re juste et l\u00e9gale et de ne pas nuire \u00e0 notre r\u00e9putation ni d&#039;en profiter. Vous ne devez pas \u00e9tablir de lien de mani\u00e8re \u00e0 sugg\u00e9rer une quelconque forme d&#039;association, d&#039;approbation ou de soutien de notre part l\u00e0 o\u00f9 il n&#039;en existe pas.<\/p>\n\n\n\n<h2 class=\"wp-block-heading\">9. Liens et ressources tiers sur notre site<\/h2>\n\n\n\n<p>Lorsque notre site contient des liens vers d&#039;autres sites et ressources fournis par des tiers, ces liens sont fournis \u00e0 titre d&#039;information uniquement. Nous n&#039;avons aucun contr\u00f4le sur le contenu de ces sites ou ressources.<\/p>\n\n\n\n<h2 class=\"wp-block-heading\">10. Exclusion de garanties<\/h2>\n\n\n\n<p>Notre site et son contenu sont fournis \u00ab tels quels \u00bb et \u00ab selon disponibilit\u00e9 \u00bb. Nous n&#039;offrons aucune garantie, expresse ou implicite, quant au fonctionnement du site ou aux informations, contenus, mat\u00e9riaux ou produits inclus sur notre site.<\/p>\n\n\n\n<h2 class=\"wp-block-heading\">11. Loi applicable<\/h2>\n\n\n\n<p>Ces conditions sont r\u00e9gies et interpr\u00e9t\u00e9es conform\u00e9ment aux lois du Royaume-Uni, sans \u00e9gard \u00e0 ses dispositions en mati\u00e8re de conflits de lois.<\/p>\n\n\n\n<h2 class=\"wp-block-heading\">12. Contactez-nous<\/h2>\n\n\n\n<p>For more information about our terms of use, or if you have questions or concerns, please contact us at https:\/\/www.ouffsonadvisoryinternational.com\/en\/contact-us\/.<\/p>\n\n\n\n<p>Merci de votre visite chez Ouffson Advisory International.<\/p>","protected":false},"excerpt":{"rendered":"<p class=\"tx-excerpt\">Terms of Use for Ouffson Advisory International Welcome to www.ouffsonadvisoryinternational.com. By accessing our website, you agree to these Terms of Use, effective as of 26\/04\/2024. These terms govern your access to and use","protected":false},"author":1,"featured_media":0,"parent":0,"menu_order":0,"comment_status":"closed","ping_status":"closed","template":"","meta":{"footnotes":""},"class_list":["post-922","page","type-page","status-publish","hentry"],"yoast_head":"<!-- This site is optimized with the Yoast SEO plugin v22.6 - https:\/\/yoast.com\/wordpress\/plugins\/seo\/ -->\n<title>Terms of Use - OUFFSON ADVISORY INTERNATIONAL<\/title>\n<meta name=\"description\" content=\"Ouffson Advisory International est un cabinet expert en infrastructure, investissement et finance. Notre \u00e9quipe propose des solutions strat\u00e9giques et innovantes pour les projets mondiaux. Contactez-nous pour des conseils d&#039;experts et des services personnalis\u00e9s.\" \/>\n<meta name=\"robots\" content=\"index, follow, max-snippet:-1, max-image-preview:large, max-video-preview:-1\" \/>\n<link rel=\"canonical\" href=\"https:\/\/www.ouffsonadvisoryinternational.com\/fr\/en\/terms-of-use\/\" \/>\n<meta property=\"og:locale\" content=\"fr_FR\" \/>\n<meta property=\"og:type\" content=\"article\" \/>\n<meta property=\"og:title\" content=\"Terms of Use - OUFFSON ADVISORY INTERNATIONAL\" \/>\n<meta property=\"og:description\" content=\"Ouffson Advisory International est un cabinet expert en infrastructure, investissement et finance. Notre \u00e9quipe propose des solutions strat\u00e9giques et innovantes pour les projets mondiaux. Contactez-nous pour des conseils d&#039;experts et des services personnalis\u00e9s.\" \/>\n<meta property=\"og:url\" content=\"https:\/\/www.ouffsonadvisoryinternational.com\/fr\/en\/terms-of-use\/\" \/>\n<meta property=\"og:site_name\" content=\"OUFFSON ADVISORY INTERNATIONAL\" \/>\n<meta property=\"article:modified_time\" content=\"2024-04-26T21:36:29+00:00\" \/>\n<meta property=\"og:image\" content=\"https:\/\/www.ouffsonadvisoryinternational.com\/wp-content\/uploads\/2023\/07\/cropped-Ouffson-Logo-1-1.png\" \/>\n\t<meta property=\"og:image:width\" content=\"500\" \/>\n\t<meta property=\"og:image:height\" content=\"200\" \/>\n\t<meta property=\"og:image:type\" content=\"image\/png\" \/>\n<meta name=\"twitter:card\" content=\"summary_large_image\" \/>\n<meta name=\"twitter:label1\" content=\"Dur\u00e9e de lecture estim\u00e9e\" \/>\n\t<meta name=\"twitter:data1\" content=\"3 minutes\" \/>\n<script type=\"application\/ld+json\" class=\"yoast-schema-graph\">{\"@context\":\"https:\/\/schema.org\",\"@graph\":[{\"@type\":\"WebPage\",\"@id\":\"https:\/\/www.ouffsonadvisoryinternational.com\/en\/terms-of-use\/\",\"url\":\"https:\/\/www.ouffsonadvisoryinternational.com\/en\/terms-of-use\/\",\"name\":\"Terms of Use - OUFFSON ADVISORY INTERNATIONAL\",\"isPartOf\":{\"@id\":\"https:\/\/www.ouffsonadvisoryinternational.com\/#website\"},\"datePublished\":\"2024-04-26T21:36:28+00:00\",\"dateModified\":\"2024-04-26T21:36:29+00:00\",\"description\":\"Ouffson Advisory International est un cabinet expert en infrastructure, investissement et finance. Notre \u00e9quipe propose des solutions strat\u00e9giques et innovantes pour les projets mondiaux. Contactez-nous pour des conseils d'experts et des services personnalis\u00e9s.\",\"breadcrumb\":{\"@id\":\"https:\/\/www.ouffsonadvisoryinternational.com\/en\/terms-of-use\/#breadcrumb\"},\"inLanguage\":\"fr-FR\",\"potentialAction\":[{\"@type\":\"ReadAction\",\"target\":[\"https:\/\/www.ouffsonadvisoryinternational.com\/en\/terms-of-use\/\"]}]},{\"@type\":\"BreadcrumbList\",\"@id\":\"https:\/\/www.ouffsonadvisoryinternational.com\/en\/terms-of-use\/#breadcrumb\",\"itemListElement\":[{\"@type\":\"ListItem\",\"position\":1,\"name\":\"Accueil\",\"item\":\"https:\/\/www.ouffsonadvisoryinternational.com\/\"},{\"@type\":\"ListItem\",\"position\":2,\"name\":\"Terms of Use\"}]},{\"@type\":\"WebSite\",\"@id\":\"https:\/\/www.ouffsonadvisoryinternational.com\/#website\",\"url\":\"https:\/\/www.ouffsonadvisoryinternational.com\/\",\"name\":\"OUFFSON ADVISORY INTERNATIONAL\",\"description\":\"Infrastructure | Investment | Finance\",\"publisher\":{\"@id\":\"https:\/\/www.ouffsonadvisoryinternational.com\/#organization\"},\"potentialAction\":[{\"@type\":\"SearchAction\",\"target\":{\"@type\":\"EntryPoint\",\"urlTemplate\":\"https:\/\/www.ouffsonadvisoryinternational.com\/?s={search_term_string}\"},\"query-input\":\"required name=search_term_string\"}],\"inLanguage\":\"fr-FR\"},{\"@type\":\"Organization\",\"@id\":\"https:\/\/www.ouffsonadvisoryinternational.com\/#organization\",\"name\":\"OUFFSON ADVISORY INTERNATIONAL\",\"url\":\"https:\/\/www.ouffsonadvisoryinternational.com\/\",\"logo\":{\"@type\":\"ImageObject\",\"inLanguage\":\"fr-FR\",\"@id\":\"https:\/\/www.ouffsonadvisoryinternational.com\/#\/schema\/logo\/image\/\",\"url\":\"https:\/\/ouffsonadvisoryinternational.com\/wp-content\/uploads\/2023\/07\/cropped-Ouffson-Logo-1-1.png\",\"contentUrl\":\"https:\/\/ouffsonadvisoryinternational.com\/wp-content\/uploads\/2023\/07\/cropped-Ouffson-Logo-1-1.png\",\"width\":500,\"height\":200,\"caption\":\"OUFFSON ADVISORY INTERNATIONAL\"},\"image\":{\"@id\":\"https:\/\/www.ouffsonadvisoryinternational.com\/#\/schema\/logo\/image\/\"},\"sameAs\":[\"https:\/\/www.linkedin.com\/in\/andrew-konan-ouffoue-571413158\/\"]}]}<\/script>\n<!-- \/ Yoast SEO plugin. -->","yoast_head_json":{"title":"Terms of Use - OUFFSON ADVISORY INTERNATIONAL","description":"Ouffson Advisory International est un cabinet expert en infrastructure, investissement et finance. Notre \u00e9quipe propose des solutions strat\u00e9giques et innovantes pour les projets mondiaux. Contactez-nous pour des conseils d'experts et des services personnalis\u00e9s.","robots":{"index":"index","follow":"follow","max-snippet":"max-snippet:-1","max-image-preview":"max-image-preview:large","max-video-preview":"max-video-preview:-1"},"canonical":"https:\/\/www.ouffsonadvisoryinternational.com\/fr\/en\/terms-of-use\/","og_locale":"fr_FR","og_type":"article","og_title":"Terms of Use - OUFFSON ADVISORY INTERNATIONAL","og_description":"Ouffson Advisory International est un cabinet expert en infrastructure, investissement et finance. Notre \u00e9quipe propose des solutions strat\u00e9giques et innovantes pour les projets mondiaux. Contactez-nous pour des conseils d'experts et des services personnalis\u00e9s.","og_url":"https:\/\/www.ouffsonadvisoryinternational.com\/fr\/en\/terms-of-use\/","og_site_name":"OUFFSON ADVISORY INTERNATIONAL","article_modified_time":"2024-04-26T21:36:29+00:00","og_image":[{"width":500,"height":200,"url":"https:\/\/www.ouffsonadvisoryinternational.com\/wp-content\/uploads\/2023\/07\/cropped-Ouffson-Logo-1-1.png","type":"image\/png"}],"twitter_card":"summary_large_image","twitter_misc":{"Dur\u00e9e de lecture estim\u00e9e":"3 minutes"},"schema":{"@context":"https:\/\/schema.org","@graph":[{"@type":"WebPage","@id":"https:\/\/www.ouffsonadvisoryinternational.com\/en\/terms-of-use\/","url":"https:\/\/www.ouffsonadvisoryinternational.com\/en\/terms-of-use\/","name":"Terms of Use - OUFFSON ADVISORY INTERNATIONAL","isPartOf":{"@id":"https:\/\/www.ouffsonadvisoryinternational.com\/#website"},"datePublished":"2024-04-26T21:36:28+00:00","dateModified":"2024-04-26T21:36:29+00:00","description":"Ouffson Advisory International est un cabinet expert en infrastructure, investissement et finance. Notre \u00e9quipe propose des solutions strat\u00e9giques et innovantes pour les projets mondiaux. Contactez-nous pour des conseils d'experts et des services personnalis\u00e9s.","breadcrumb":{"@id":"https:\/\/www.ouffsonadvisoryinternational.com\/en\/terms-of-use\/#breadcrumb"},"inLanguage":"fr-FR","potentialAction":[{"@type":"ReadAction","target":["https:\/\/www.ouffsonadvisoryinternational.com\/en\/terms-of-use\/"]}]},{"@type":"BreadcrumbList","@id":"https:\/\/www.ouffsonadvisoryinternational.com\/en\/terms-of-use\/#breadcrumb","itemListElement":[{"@type":"ListItem","position":1,"name":"Accueil","item":"https:\/\/www.ouffsonadvisoryinternational.com\/"},{"@type":"ListItem","position":2,"name":"Terms of Use"}]},{"@type":"WebSite","@id":"https:\/\/www.ouffsonadvisoryinternational.com\/#website","url":"https:\/\/www.ouffsonadvisoryinternational.com\/","name":"OUFFSON ADVISORY INTERNATIONAL","description":"Infrastructure | Investment | Finance","publisher":{"@id":"https:\/\/www.ouffsonadvisoryinternational.com\/#organization"},"potentialAction":[{"@type":"SearchAction","target":{"@type":"EntryPoint","urlTemplate":"https:\/\/www.ouffsonadvisoryinternational.com\/?s={search_term_string}"},"query-input":"required name=search_term_string"}],"inLanguage":"fr-FR"},{"@type":"Organization","@id":"https:\/\/www.ouffsonadvisoryinternational.com\/#organization","name":"OUFFSON ADVISORY INTERNATIONAL","url":"https:\/\/www.ouffsonadvisoryinternational.com\/","logo":{"@type":"ImageObject","inLanguage":"fr-FR","@id":"https:\/\/www.ouffsonadvisoryinternational.com\/#\/schema\/logo\/image\/","url":"https:\/\/ouffsonadvisoryinternational.com\/wp-content\/uploads\/2023\/07\/cropped-Ouffson-Logo-1-1.png","contentUrl":"https:\/\/ouffsonadvisoryinternational.com\/wp-content\/uploads\/2023\/07\/cropped-Ouffson-Logo-1-1.png","width":500,"height":200,"caption":"OUFFSON ADVISORY INTERNATIONAL"},"image":{"@id":"https:\/\/www.ouffsonadvisoryinternational.com\/#\/schema\/logo\/image\/"},"sameAs":["https:\/\/www.linkedin.com\/in\/andrew-konan-ouffoue-571413158\/"]}]}},"_links":{"self":[{"href":"https:\/\/www.ouffsonadvisoryinternational.com\/fr\/wp-json\/wp\/v2\/pages\/922","targetHints":{"allow":["GET"]}}],"collection":[{"href":"https:\/\/www.ouffsonadvisoryinternational.com\/fr\/wp-json\/wp\/v2\/pages"}],"about":[{"href":"https:\/\/www.ouffsonadvisoryinternational.com\/fr\/wp-json\/wp\/v2\/types\/page"}],"author":[{"embeddable":true,"href":"https:\/\/www.ouffsonadvisoryinternational.com\/fr\/wp-json\/wp\/v2\/users\/1"}],"replies":[{"embeddable":true,"href":"https:\/\/www.ouffsonadvisoryinternational.com\/fr\/wp-json\/wp\/v2\/comments?post=922"}],"version-history":[{"count":1,"href":"https:\/\/www.ouffsonadvisoryinternational.com\/fr\/wp-json\/wp\/v2\/pages\/922\/revisions"}],"predecessor-version":[{"id":923,"href":"https:\/\/www.ouffsonadvisoryinternational.com\/fr\/wp-json\/wp\/v2\/pages\/922\/revisions\/923"}],"wp:attachment":[{"href":"https:\/\/www.ouffsonadvisoryinternational.com\/fr\/wp-json\/wp\/v2\/media?parent=922"}],"curies":[{"name":"wp","href":"https:\/\/api.w.org\/{rel}","templated":true}]}}