{"id":925,"date":"2024-04-26T22:47:00","date_gmt":"2024-04-26T21:47:00","guid":{"rendered":"https:\/\/www.ouffsonadvisoryinternational.com\/?page_id=925"},"modified":"2024-04-26T22:47:01","modified_gmt":"2024-04-26T21:47:01","slug":"cookies-policy","status":"publish","type":"page","link":"https:\/\/www.ouffsonadvisoryinternational.com\/fr\/cookies-policy\/","title":{"rendered":"Politique de cookies"},"content":{"rendered":"<h1 class=\"wp-block-heading\">Politique de cookies d&#039;Ouffson Advisory International<\/h1>\n\n\n\n<p>Date d&#039;entr\u00e9e en vigueur : 26\/04\/2024<\/p>\n\n\n\n<h2 class=\"wp-block-heading\">Introduction<\/h2>\n\n\n\n<p>Bienvenue chez Ouffson Advisory International ! Notre politique en mati\u00e8re de cookies explique comment nous, Ouffson Advisory International, ainsi que nos soci\u00e9t\u00e9s affili\u00e9es et partenaires, utilisons des cookies et des technologies similaires pour vous reconna\u00eetre lorsque vous visitez notre site Web \u00e0 l&#039;adresse www.ouffsonadvisoryinternational.com (\u00ab Site Web \u00bb). Il explique ce que sont ces technologies et pourquoi nous les utilisons, ainsi que vos droits de contr\u00f4ler notre utilisation.<\/p>\n\n\n\n<h2 class=\"wp-block-heading\">Que sont les cookies ?<\/h2>\n\n\n\n<p>Les cookies sont de petits fichiers de donn\u00e9es plac\u00e9s sur votre ordinateur ou appareil mobile lorsque vous visitez un site Web. Les cookies sont largement utilis\u00e9s par les propri\u00e9taires de sites Web afin de faire fonctionner leurs sites Web ou de fonctionner plus efficacement, ainsi que pour fournir des informations de reporting.<\/p>\n\n\n\n<p>Les cookies d\u00e9finis par le propri\u00e9taire du site Web (dans ce cas, Ouffson Advisory International) sont appel\u00e9s \u00ab cookies de premi\u00e8re partie \u00bb. Les cookies d\u00e9finis par des parties autres que le propri\u00e9taire du site Web sont appel\u00e9s \u00ab cookies tiers \u00bb. Les cookies tiers permettent de fournir des fonctionnalit\u00e9s ou fonctionnalit\u00e9s tierces sur ou via le site Web (par exemple, comme la publicit\u00e9, le contenu interactif et les analyses). Les parties qui installent ces cookies tiers peuvent reconna\u00eetre votre ordinateur aussi bien lorsqu&#039;il visite le site Internet en question que lorsqu&#039;il visite certains autres sites Internet.<\/p>\n\n\n\n<h2 class=\"wp-block-heading\">Pourquoi utilisons-nous des cookies ?<\/h2>\n\n\n\n<p>Nous utilisons des cookies propri\u00e9taires et tiers pour plusieurs raisons. Certains cookies sont n\u00e9cessaires pour des raisons techniques au fonctionnement de notre site Web, et nous les appelons cookies \u00ab essentiels \u00bb ou \u00ab strictement n\u00e9cessaires \u00bb. D&#039;autres cookies nous permettent \u00e9galement de suivre et de cibler les int\u00e9r\u00eats de nos utilisateurs pour am\u00e9liorer l&#039;exp\u00e9rience sur notre site Web. Des tiers utilisent des cookies via notre site Web \u00e0 des fins publicitaires, analytiques et autres. Ceci est d\u00e9crit plus en d\u00e9tail ci-dessous.<\/p>\n\n\n\n<h2 class=\"wp-block-heading\">Quels types de cookies utilisons-nous ?<\/h2>\n\n\n\n<ul class=\"wp-block-list\">\n<li><strong>Cookies essentiels du site Web\u00a0:<\/strong> Ces cookies sont strictement n\u00e9cessaires pour vous fournir les services disponibles sur notre Site Internet et pour utiliser certaines de ses fonctionnalit\u00e9s, comme l&#039;acc\u00e8s \u00e0 des espaces s\u00e9curis\u00e9s.<\/li>\n\n\n\n<li><strong>Cookies de performances et de fonctionnalit\u00e9s :<\/strong> Ces cookies sont utilis\u00e9s pour am\u00e9liorer les performances et les fonctionnalit\u00e9s de notre site Web mais ne sont pas essentiels \u00e0 leur utilisation. Cependant, sans ces cookies, certaines fonctionnalit\u00e9s pourraient devenir indisponibles.<\/li>\n\n\n\n<li><strong>Cookies d&#039;analyse et de personnalisation\u00a0:<\/strong> Ces cookies collectent des informations qui sont utilis\u00e9es soit sous forme agr\u00e9g\u00e9e pour nous aider \u00e0 comprendre comment notre site Web est utilis\u00e9 ou l&#039;efficacit\u00e9 de nos campagnes marketing, soit pour nous aider \u00e0 personnaliser notre site Web pour vous.<\/li>\n\n\n\n<li><strong>Cookies publicitaires :<\/strong> Ces cookies sont utilis\u00e9s pour rendre les messages publicitaires plus pertinents pour vous. Ils remplissent des fonctions telles qu&#039;emp\u00eacher la m\u00eame publicit\u00e9 de r\u00e9appara\u00eetre continuellement, garantir que les publicit\u00e9s sont correctement affich\u00e9es pour les annonceurs et, dans certains cas, s\u00e9lectionner des publicit\u00e9s en fonction de vos int\u00e9r\u00eats.<\/li>\n<\/ul>\n\n\n\n<h2 class=\"wp-block-heading\">Comment puis-je contr\u00f4ler les cookies ?<\/h2>\n\n\n\n<p>Vous avez le droit de d\u00e9cider d&#039;accepter ou de refuser les cookies. Vous pouvez exercer vos droits en mati\u00e8re de cookies en d\u00e9finissant vos pr\u00e9f\u00e9rences dans le gestionnaire de consentement aux cookies. Le Cookie Consent Manager vous permet de s\u00e9lectionner les cat\u00e9gories de cookies que vous acceptez ou rejetez. Les cookies essentiels ne peuvent \u00eatre rejet\u00e9s car ils sont strictement n\u00e9cessaires pour vous fournir des services.<\/p>\n\n\n\n<p>Les \u00e9tapes sp\u00e9cifiques pour ce faire peuvent varier d&#039;un navigateur \u00e0 l&#039;autre, alors consultez le menu d&#039;aide de votre navigateur pour des instructions plus sp\u00e9cifiques. De plus, la plupart des r\u00e9seaux publicitaires vous offrent un moyen de vous d\u00e9sinscrire des publicit\u00e9s cibl\u00e9es. Pour plus d&#039;informations, visitez www.aboutads.info\/choices\/ ou www.youronlinechoices.com.<\/p>\n\n\n\n<h2 class=\"wp-block-heading\">Consentement<\/h2>\n\n\n\n<p>En poursuivant votre navigation ou en cliquant sur \u00ab Accepter \u00bb sur la banni\u00e8re de consentement aux cookies, vous acceptez le stockage de cookies sur votre appareil pour am\u00e9liorer la navigation sur le site, analyser l&#039;utilisation du site et nous aider dans nos efforts de marketing conform\u00e9ment \u00e0 cette politique en mati\u00e8re de cookies et \u00e0 notre politique de confidentialit\u00e9. Politique.<\/p>\n\n\n\n<h2 class=\"wp-block-heading\">Contactez-nous<\/h2>\n\n\n\n<p>Si vous avez des questions sur notre utilisation des cookies ou d&#039;autres technologies, veuillez nous envoyer un e-mail \u00e0 info@ouffsonadvisoryinternational.com ou contacter notre \u00e9quipe de confidentialit\u00e9 via notre adresse postale fournie sur notre site Web.<\/p>\n\n\n\n<p>Merci d&#039;avoir choisi Ouffson Advisory International.<\/p>","protected":false},"excerpt":{"rendered":"<p class=\"tx-excerpt\">Cookies Policy for Ouffson Advisory International Effective Date: 26\/04\/2024 Introduction Welcome to Ouffson Advisory International! Our Cookies Policy explains how we, Ouffson Advisory International, along with our affiliates and partners, use cookies and","protected":false},"author":1,"featured_media":0,"parent":0,"menu_order":0,"comment_status":"closed","ping_status":"closed","template":"","meta":{"footnotes":""},"class_list":["post-925","page","type-page","status-publish","hentry"],"yoast_head":"<!-- This site is optimized with the Yoast SEO plugin v22.6 - https:\/\/yoast.com\/wordpress\/plugins\/seo\/ -->\n<title>Cookies Policy - OUFFSON ADVISORY INTERNATIONAL<\/title>\n<meta name=\"description\" content=\"Ouffson Advisory International est un cabinet expert en infrastructure, investissement et finance. Notre \u00e9quipe propose des solutions strat\u00e9giques et innovantes pour les projets mondiaux. Contactez-nous pour des conseils d&#039;experts et des services personnalis\u00e9s.\" \/>\n<meta name=\"robots\" content=\"index, follow, max-snippet:-1, max-image-preview:large, max-video-preview:-1\" \/>\n<link rel=\"canonical\" href=\"https:\/\/www.ouffsonadvisoryinternational.com\/fr\/en\/cookies-policy\/\" \/>\n<meta property=\"og:locale\" content=\"fr_FR\" \/>\n<meta property=\"og:type\" content=\"article\" \/>\n<meta property=\"og:title\" content=\"Cookies Policy - OUFFSON ADVISORY INTERNATIONAL\" \/>\n<meta property=\"og:description\" content=\"Ouffson Advisory International est un cabinet expert en infrastructure, investissement et finance. Notre \u00e9quipe propose des solutions strat\u00e9giques et innovantes pour les projets mondiaux. Contactez-nous pour des conseils d&#039;experts et des services personnalis\u00e9s.\" \/>\n<meta property=\"og:url\" content=\"https:\/\/www.ouffsonadvisoryinternational.com\/fr\/en\/cookies-policy\/\" \/>\n<meta property=\"og:site_name\" content=\"OUFFSON ADVISORY INTERNATIONAL\" \/>\n<meta property=\"article:modified_time\" content=\"2024-04-26T21:47:01+00:00\" \/>\n<meta property=\"og:image\" content=\"https:\/\/www.ouffsonadvisoryinternational.com\/wp-content\/uploads\/2023\/07\/cropped-Ouffson-Logo-1-1.png\" \/>\n\t<meta property=\"og:image:width\" content=\"500\" \/>\n\t<meta property=\"og:image:height\" content=\"200\" \/>\n\t<meta property=\"og:image:type\" content=\"image\/png\" \/>\n<meta name=\"twitter:card\" content=\"summary_large_image\" \/>\n<meta name=\"twitter:label1\" content=\"Dur\u00e9e de lecture estim\u00e9e\" \/>\n\t<meta name=\"twitter:data1\" content=\"3 minutes\" \/>\n<script type=\"application\/ld+json\" class=\"yoast-schema-graph\">{\"@context\":\"https:\/\/schema.org\",\"@graph\":[{\"@type\":\"WebPage\",\"@id\":\"https:\/\/www.ouffsonadvisoryinternational.com\/en\/cookies-policy\/\",\"url\":\"https:\/\/www.ouffsonadvisoryinternational.com\/en\/cookies-policy\/\",\"name\":\"Cookies Policy - OUFFSON ADVISORY INTERNATIONAL\",\"isPartOf\":{\"@id\":\"https:\/\/www.ouffsonadvisoryinternational.com\/#website\"},\"datePublished\":\"2024-04-26T21:47:00+00:00\",\"dateModified\":\"2024-04-26T21:47:01+00:00\",\"description\":\"Ouffson Advisory International est un cabinet expert en infrastructure, investissement et finance. Notre \u00e9quipe propose des solutions strat\u00e9giques et innovantes pour les projets mondiaux. Contactez-nous pour des conseils d'experts et des services personnalis\u00e9s.\",\"breadcrumb\":{\"@id\":\"https:\/\/www.ouffsonadvisoryinternational.com\/en\/cookies-policy\/#breadcrumb\"},\"inLanguage\":\"fr-FR\",\"potentialAction\":[{\"@type\":\"ReadAction\",\"target\":[\"https:\/\/www.ouffsonadvisoryinternational.com\/en\/cookies-policy\/\"]}]},{\"@type\":\"BreadcrumbList\",\"@id\":\"https:\/\/www.ouffsonadvisoryinternational.com\/en\/cookies-policy\/#breadcrumb\",\"itemListElement\":[{\"@type\":\"ListItem\",\"position\":1,\"name\":\"Accueil\",\"item\":\"https:\/\/www.ouffsonadvisoryinternational.com\/\"},{\"@type\":\"ListItem\",\"position\":2,\"name\":\"Cookies Policy\"}]},{\"@type\":\"WebSite\",\"@id\":\"https:\/\/www.ouffsonadvisoryinternational.com\/#website\",\"url\":\"https:\/\/www.ouffsonadvisoryinternational.com\/\",\"name\":\"OUFFSON ADVISORY INTERNATIONAL\",\"description\":\"Infrastructure | Investment | Finance\",\"publisher\":{\"@id\":\"https:\/\/www.ouffsonadvisoryinternational.com\/#organization\"},\"potentialAction\":[{\"@type\":\"SearchAction\",\"target\":{\"@type\":\"EntryPoint\",\"urlTemplate\":\"https:\/\/www.ouffsonadvisoryinternational.com\/?s={search_term_string}\"},\"query-input\":\"required name=search_term_string\"}],\"inLanguage\":\"fr-FR\"},{\"@type\":\"Organization\",\"@id\":\"https:\/\/www.ouffsonadvisoryinternational.com\/#organization\",\"name\":\"OUFFSON ADVISORY INTERNATIONAL\",\"url\":\"https:\/\/www.ouffsonadvisoryinternational.com\/\",\"logo\":{\"@type\":\"ImageObject\",\"inLanguage\":\"fr-FR\",\"@id\":\"https:\/\/www.ouffsonadvisoryinternational.com\/#\/schema\/logo\/image\/\",\"url\":\"https:\/\/ouffsonadvisoryinternational.com\/wp-content\/uploads\/2023\/07\/cropped-Ouffson-Logo-1-1.png\",\"contentUrl\":\"https:\/\/ouffsonadvisoryinternational.com\/wp-content\/uploads\/2023\/07\/cropped-Ouffson-Logo-1-1.png\",\"width\":500,\"height\":200,\"caption\":\"OUFFSON ADVISORY INTERNATIONAL\"},\"image\":{\"@id\":\"https:\/\/www.ouffsonadvisoryinternational.com\/#\/schema\/logo\/image\/\"},\"sameAs\":[\"https:\/\/www.linkedin.com\/in\/andrew-konan-ouffoue-571413158\/\"]}]}<\/script>\n<!-- \/ Yoast SEO plugin. -->","yoast_head_json":{"title":"Cookies Policy - OUFFSON ADVISORY INTERNATIONAL","description":"Ouffson Advisory International est un cabinet expert en infrastructure, investissement et finance. Notre \u00e9quipe propose des solutions strat\u00e9giques et innovantes pour les projets mondiaux. Contactez-nous pour des conseils d'experts et des services personnalis\u00e9s.","robots":{"index":"index","follow":"follow","max-snippet":"max-snippet:-1","max-image-preview":"max-image-preview:large","max-video-preview":"max-video-preview:-1"},"canonical":"https:\/\/www.ouffsonadvisoryinternational.com\/fr\/en\/cookies-policy\/","og_locale":"fr_FR","og_type":"article","og_title":"Cookies Policy - OUFFSON ADVISORY INTERNATIONAL","og_description":"Ouffson Advisory International est un cabinet expert en infrastructure, investissement et finance. Notre \u00e9quipe propose des solutions strat\u00e9giques et innovantes pour les projets mondiaux. Contactez-nous pour des conseils d'experts et des services personnalis\u00e9s.","og_url":"https:\/\/www.ouffsonadvisoryinternational.com\/fr\/en\/cookies-policy\/","og_site_name":"OUFFSON ADVISORY INTERNATIONAL","article_modified_time":"2024-04-26T21:47:01+00:00","og_image":[{"width":500,"height":200,"url":"https:\/\/www.ouffsonadvisoryinternational.com\/wp-content\/uploads\/2023\/07\/cropped-Ouffson-Logo-1-1.png","type":"image\/png"}],"twitter_card":"summary_large_image","twitter_misc":{"Dur\u00e9e de lecture estim\u00e9e":"3 minutes"},"schema":{"@context":"https:\/\/schema.org","@graph":[{"@type":"WebPage","@id":"https:\/\/www.ouffsonadvisoryinternational.com\/en\/cookies-policy\/","url":"https:\/\/www.ouffsonadvisoryinternational.com\/en\/cookies-policy\/","name":"Cookies Policy - OUFFSON ADVISORY INTERNATIONAL","isPartOf":{"@id":"https:\/\/www.ouffsonadvisoryinternational.com\/#website"},"datePublished":"2024-04-26T21:47:00+00:00","dateModified":"2024-04-26T21:47:01+00:00","description":"Ouffson Advisory International est un cabinet expert en infrastructure, investissement et finance. Notre \u00e9quipe propose des solutions strat\u00e9giques et innovantes pour les projets mondiaux. Contactez-nous pour des conseils d'experts et des services personnalis\u00e9s.","breadcrumb":{"@id":"https:\/\/www.ouffsonadvisoryinternational.com\/en\/cookies-policy\/#breadcrumb"},"inLanguage":"fr-FR","potentialAction":[{"@type":"ReadAction","target":["https:\/\/www.ouffsonadvisoryinternational.com\/en\/cookies-policy\/"]}]},{"@type":"BreadcrumbList","@id":"https:\/\/www.ouffsonadvisoryinternational.com\/en\/cookies-policy\/#breadcrumb","itemListElement":[{"@type":"ListItem","position":1,"name":"Accueil","item":"https:\/\/www.ouffsonadvisoryinternational.com\/"},{"@type":"ListItem","position":2,"name":"Cookies Policy"}]},{"@type":"WebSite","@id":"https:\/\/www.ouffsonadvisoryinternational.com\/#website","url":"https:\/\/www.ouffsonadvisoryinternational.com\/","name":"OUFFSON ADVISORY INTERNATIONAL","description":"Infrastructure | Investment | Finance","publisher":{"@id":"https:\/\/www.ouffsonadvisoryinternational.com\/#organization"},"potentialAction":[{"@type":"SearchAction","target":{"@type":"EntryPoint","urlTemplate":"https:\/\/www.ouffsonadvisoryinternational.com\/?s={search_term_string}"},"query-input":"required name=search_term_string"}],"inLanguage":"fr-FR"},{"@type":"Organization","@id":"https:\/\/www.ouffsonadvisoryinternational.com\/#organization","name":"OUFFSON ADVISORY INTERNATIONAL","url":"https:\/\/www.ouffsonadvisoryinternational.com\/","logo":{"@type":"ImageObject","inLanguage":"fr-FR","@id":"https:\/\/www.ouffsonadvisoryinternational.com\/#\/schema\/logo\/image\/","url":"https:\/\/ouffsonadvisoryinternational.com\/wp-content\/uploads\/2023\/07\/cropped-Ouffson-Logo-1-1.png","contentUrl":"https:\/\/ouffsonadvisoryinternational.com\/wp-content\/uploads\/2023\/07\/cropped-Ouffson-Logo-1-1.png","width":500,"height":200,"caption":"OUFFSON ADVISORY INTERNATIONAL"},"image":{"@id":"https:\/\/www.ouffsonadvisoryinternational.com\/#\/schema\/logo\/image\/"},"sameAs":["https:\/\/www.linkedin.com\/in\/andrew-konan-ouffoue-571413158\/"]}]}},"_links":{"self":[{"href":"https:\/\/www.ouffsonadvisoryinternational.com\/fr\/wp-json\/wp\/v2\/pages\/925","targetHints":{"allow":["GET"]}}],"collection":[{"href":"https:\/\/www.ouffsonadvisoryinternational.com\/fr\/wp-json\/wp\/v2\/pages"}],"about":[{"href":"https:\/\/www.ouffsonadvisoryinternational.com\/fr\/wp-json\/wp\/v2\/types\/page"}],"author":[{"embeddable":true,"href":"https:\/\/www.ouffsonadvisoryinternational.com\/fr\/wp-json\/wp\/v2\/users\/1"}],"replies":[{"embeddable":true,"href":"https:\/\/www.ouffsonadvisoryinternational.com\/fr\/wp-json\/wp\/v2\/comments?post=925"}],"version-history":[{"count":1,"href":"https:\/\/www.ouffsonadvisoryinternational.com\/fr\/wp-json\/wp\/v2\/pages\/925\/revisions"}],"predecessor-version":[{"id":926,"href":"https:\/\/www.ouffsonadvisoryinternational.com\/fr\/wp-json\/wp\/v2\/pages\/925\/revisions\/926"}],"wp:attachment":[{"href":"https:\/\/www.ouffsonadvisoryinternational.com\/fr\/wp-json\/wp\/v2\/media?parent=925"}],"curies":[{"name":"wp","href":"https:\/\/api.w.org\/{rel}","templated":true}]}}