{"id":927,"date":"2024-04-26T23:01:50","date_gmt":"2024-04-26T22:01:50","guid":{"rendered":"https:\/\/www.ouffsonadvisoryinternational.com\/?page_id=927"},"modified":"2024-05-04T07:35:10","modified_gmt":"2024-05-04T06:35:10","slug":"qa","status":"publish","type":"page","link":"https:\/\/www.ouffsonadvisoryinternational.com\/fr\/qa\/","title":{"rendered":"Questions et r\u00e9ponses sur les partenariats public-priv\u00e9"},"content":{"rendered":"<h2 class=\"wp-block-heading\">Qu&#039;est-ce qu&#039;un Partenariat Public-Priv\u00e9 (PPP) ?<\/h2>\n\n\n\n<p><strong>Un Partenariat Public-Priv\u00e9 (PPP)<\/strong> est un accord de collaboration entre des agences gouvernementales et des entreprises du secteur priv\u00e9 visant \u00e0 financer, concevoir, mettre en \u0153uvre et exploiter des services ou des installations qui rel\u00e8veraient traditionnellement du domaine de l&#039;administration publique. Les PPP sont souvent utilis\u00e9s pour de grands projets d\u2019infrastructures comme les autoroutes, les a\u00e9roports et les installations \u00e9nerg\u00e9tiques, ainsi que pour des services publics comme la sant\u00e9 et l\u2019\u00e9ducation.<\/p>\n\n\n\n<h2 class=\"wp-block-heading\">Comment Ouffson Advisory International s\u2019engage-t-il dans les PPP ?<\/h2>\n\n\n\n<p><strong>Ouffson Conseil International<\/strong> se sp\u00e9cialise dans la facilitation et la gestion des PPP en fournissant des services de conseil expert, de gestion de projet et d&#039;analyse financi\u00e8re. Nous aidons les entit\u00e9s publiques \u00e0 identifier des projets viables pour la mise en \u0153uvre de PPP, \u00e0 structurer des accords qui prot\u00e8gent les int\u00e9r\u00eats publics tout en offrant des incitations \u00e9quitables aux partenaires priv\u00e9s et \u00e0 garantir que toutes les exigences r\u00e9glementaires et de conformit\u00e9 sont respect\u00e9es.<\/p>\n\n\n\n<h2 class=\"wp-block-heading\">Quels sont les avantages des PPP pour les pays en d\u00e9veloppement ?<\/h2>\n\n\n\n<p>Les PPP peuvent \u00eatre particuli\u00e8rement avantageux pour les pays en d\u00e9veloppement car ils manquent souvent du capital initial n\u00e9cessaire aux grands projets d\u2019infrastructure. En s&#039;associant \u00e0 des entreprises priv\u00e9es, ces pays peuvent\u00a0:<\/p>\n\n\n\n<ul class=\"wp-block-list\">\n<li><strong>Acc\u00e9l\u00e9rer le d\u00e9veloppement des infrastructures<\/strong> sans pression budg\u00e9taire imm\u00e9diate.<\/li>\n\n\n\n<li><strong>Risque de transfert<\/strong> \u00e0 des entit\u00e9s priv\u00e9es qui peuvent mieux g\u00e9rer certains aspects d\u2019un projet.<\/li>\n\n\n\n<li><strong>Tirer parti de l\u2019efficacit\u00e9 et de l\u2019innovation du secteur priv\u00e9<\/strong>, r\u00e9duisant potentiellement les co\u00fbts et am\u00e9liorant la prestation de services.<\/li>\n\n\n\n<li><strong>Stimuler la croissance \u00e9conomique<\/strong> en cr\u00e9ant des emplois et en favorisant le commerce.<\/li>\n<\/ul>\n\n\n\n<h2 class=\"wp-block-heading\">Quels sont les d\u00e9fis rencontr\u00e9s dans les PPP et comment Ouffson Advisory International les aborde-t-il ?<\/h2>\n\n\n\n<p>Les d\u00e9fis des PPP comprennent\u00a0:<\/p>\n\n\n\n<ul class=\"wp-block-list\">\n<li><strong>Des n\u00e9gociations complexes<\/strong> en raison des objectifs diff\u00e9rents des entit\u00e9s publiques et priv\u00e9es.<\/li>\n\n\n\n<li><strong>Risques financiers<\/strong> associ\u00e9s aux investissements \u00e0 long terme.<\/li>\n\n\n\n<li><strong>Scepticisme du public<\/strong> concernant la participation du secteur priv\u00e9 aux services publics.<\/li>\n<\/ul>\n\n\n\n<p><strong>Ouffson Conseil International<\/strong> rel\u00e8ve ces d\u00e9fis en\u00a0:<\/p>\n\n\n\n<ul class=\"wp-block-list\">\n<li>Fournir <strong>\u00e9valuation compl\u00e8te des risques<\/strong> et les strat\u00e9gies d\u2019att\u00e9nuation.<\/li>\n\n\n\n<li>Offre <strong>\u00e9valuation transparente du projet et diligence raisonnable<\/strong> pour garantir une structuration \u00e9quitable des transactions.<\/li>\n\n\n\n<li>S&#039;engager avec les communaut\u00e9s et les parties prenantes pour instaurer la confiance et garantir le soutien du public.<\/li>\n<\/ul>\n\n\n\n<h2 class=\"wp-block-heading\">Les PPP peuvent-ils \u00eatre consid\u00e9r\u00e9s comme durables et quel r\u00f4le joue Ouffson Advisory International dans cet aspect ?<\/h2>\n\n\n\n<p>Oui, les PPP peuvent \u00eatre con\u00e7us pour \u00eatre durables. Les PPP durables visent non seulement la viabilit\u00e9 \u00e9conomique, mais tiennent \u00e9galement compte de l\u2019impact environnemental et de l\u2019\u00e9quit\u00e9 sociale. Ouffson Advisory International contribue en :<\/p>\n\n\n\n<ul class=\"wp-block-list\">\n<li>En int\u00e9grant <strong>\u00e9valuations de durabilit\u00e9<\/strong> dans les processus de planification et de prise de d\u00e9cision.<\/li>\n\n\n\n<li>Promouvoir l\u2019adoption de <strong>technologies vertes<\/strong> et les pratiques.<\/li>\n\n\n\n<li>Veiller \u00e0 ce que les projets s\u2019alignent sur une vision plus large <strong>objectifs de d\u00e9veloppement durable<\/strong> (ODD).<\/li>\n<\/ul>\n\n\n\n<h2 class=\"wp-block-heading\">Comment des partenaires potentiels ou des parties int\u00e9ress\u00e9es peuvent-ils s&#039;impliquer dans des projets PPP chez Ouffson Advisory International ?<\/h2>\n\n\n\n<p>Les partenaires potentiels ou les parties int\u00e9ress\u00e9es peuvent s&#039;impliquer en\u00a0:<\/p>\n\n\n\n<ul class=\"wp-block-list\">\n<li><strong>Contacter Ouffson Advisory International<\/strong> directement via notre site Web \u00e0 l&#039;adresse www.ouffsonadvisoryinternational.com.<\/li>\n\n\n\n<li>Participer au PPP <strong>s\u00e9ances d&#039;information et ateliers<\/strong> organis\u00e9 par Ouffson Advisory International.<\/li>\n\n\n\n<li>En vous abonnant \u00e0 notre <strong>bulletin<\/strong> pour des mises \u00e0 jour sur les opportunit\u00e9s et id\u00e9es de PPP \u00e0 venir.<\/li>\n<\/ul>\n\n\n\n<p>Les partenariats public-priv\u00e9 repr\u00e9sentent un outil strat\u00e9gique pour combler les lacunes en mati\u00e8re d\u2019infrastructures et de services dans les pays d\u00e9velopp\u00e9s et en d\u00e9veloppement. Chez Ouffson Advisory International, nous nous engageons \u00e0 structurer des PPP qui non seulement r\u00e9pondent aux besoins imm\u00e9diats des services publics, mais favorisent \u00e9galement la durabilit\u00e9 \u00e0 long terme et le d\u00e9veloppement communautaire. Pour plus d\u2019informations, visitez notre site Web ou contactez notre \u00e9quipe consultative.<\/p>","protected":false},"excerpt":{"rendered":"<p class=\"tx-excerpt\">What is a Public-Private Partnership (PPP)? A Public-Private Partnership (PPP) is a collaborative agreement between government agencies and private sector companies aimed at financing, designing, implementing, and operating services or facilities that would","protected":false},"author":1,"featured_media":0,"parent":0,"menu_order":0,"comment_status":"closed","ping_status":"closed","template":"","meta":{"footnotes":""},"class_list":["post-927","page","type-page","status-publish","hentry"],"yoast_head":"<!-- This site is optimized with the Yoast SEO plugin v22.6 - https:\/\/yoast.com\/wordpress\/plugins\/seo\/ -->\n<title>Q&amp;A on Public-Private Partnerships - OUFFSON ADVISORY INTERNATIONAL<\/title>\n<meta name=\"description\" content=\"Ouffson Advisory International est un cabinet expert en infrastructure, investissement et finance. Notre \u00e9quipe propose des solutions strat\u00e9giques et innovantes pour les projets mondiaux. Contactez-nous pour des conseils d&#039;experts et des services personnalis\u00e9s.\" \/>\n<meta name=\"robots\" content=\"index, follow, max-snippet:-1, max-image-preview:large, max-video-preview:-1\" \/>\n<link rel=\"canonical\" href=\"https:\/\/www.ouffsonadvisoryinternational.com\/fr\/qa\/\" \/>\n<meta property=\"og:locale\" content=\"fr_FR\" \/>\n<meta property=\"og:type\" content=\"article\" \/>\n<meta property=\"og:title\" content=\"Q&amp;A on Public-Private Partnerships - OUFFSON ADVISORY INTERNATIONAL\" \/>\n<meta property=\"og:description\" content=\"Ouffson Advisory International est un cabinet expert en infrastructure, investissement et finance. Notre \u00e9quipe propose des solutions strat\u00e9giques et innovantes pour les projets mondiaux. Contactez-nous pour des conseils d&#039;experts et des services personnalis\u00e9s.\" \/>\n<meta property=\"og:url\" content=\"https:\/\/www.ouffsonadvisoryinternational.com\/fr\/qa\/\" \/>\n<meta property=\"og:site_name\" content=\"OUFFSON ADVISORY INTERNATIONAL\" \/>\n<meta property=\"article:modified_time\" content=\"2024-05-04T06:35:10+00:00\" \/>\n<meta property=\"og:image\" content=\"https:\/\/www.ouffsonadvisoryinternational.com\/wp-content\/uploads\/2023\/07\/cropped-Ouffson-Logo-1-1.png\" \/>\n\t<meta property=\"og:image:width\" content=\"500\" \/>\n\t<meta property=\"og:image:height\" content=\"200\" \/>\n\t<meta property=\"og:image:type\" content=\"image\/png\" \/>\n<meta name=\"twitter:card\" content=\"summary_large_image\" \/>\n<meta name=\"twitter:label1\" content=\"Dur\u00e9e de lecture estim\u00e9e\" \/>\n\t<meta name=\"twitter:data1\" content=\"3 minutes\" \/>\n<script type=\"application\/ld+json\" class=\"yoast-schema-graph\">{\"@context\":\"https:\/\/schema.org\",\"@graph\":[{\"@type\":\"WebPage\",\"@id\":\"https:\/\/www.ouffsonadvisoryinternational.com\/qa\/\",\"url\":\"https:\/\/www.ouffsonadvisoryinternational.com\/qa\/\",\"name\":\"Q&amp;A on Public-Private Partnerships - OUFFSON ADVISORY INTERNATIONAL\",\"isPartOf\":{\"@id\":\"https:\/\/www.ouffsonadvisoryinternational.com\/#website\"},\"datePublished\":\"2024-04-26T22:01:50+00:00\",\"dateModified\":\"2024-05-04T06:35:10+00:00\",\"description\":\"Ouffson Advisory International est un cabinet expert en infrastructure, investissement et finance. Notre \u00e9quipe propose des solutions strat\u00e9giques et innovantes pour les projets mondiaux. Contactez-nous pour des conseils d'experts et des services personnalis\u00e9s.\",\"breadcrumb\":{\"@id\":\"https:\/\/www.ouffsonadvisoryinternational.com\/qa\/#breadcrumb\"},\"inLanguage\":\"fr-FR\",\"potentialAction\":[{\"@type\":\"ReadAction\",\"target\":[\"https:\/\/www.ouffsonadvisoryinternational.com\/qa\/\"]}]},{\"@type\":\"BreadcrumbList\",\"@id\":\"https:\/\/www.ouffsonadvisoryinternational.com\/qa\/#breadcrumb\",\"itemListElement\":[{\"@type\":\"ListItem\",\"position\":1,\"name\":\"Accueil\",\"item\":\"https:\/\/www.ouffsonadvisoryinternational.com\/\"},{\"@type\":\"ListItem\",\"position\":2,\"name\":\"Q&amp;A on Public-Private Partnerships\"}]},{\"@type\":\"WebSite\",\"@id\":\"https:\/\/www.ouffsonadvisoryinternational.com\/#website\",\"url\":\"https:\/\/www.ouffsonadvisoryinternational.com\/\",\"name\":\"OUFFSON ADVISORY INTERNATIONAL\",\"description\":\"Infrastructure | Investment | Finance\",\"publisher\":{\"@id\":\"https:\/\/www.ouffsonadvisoryinternational.com\/#organization\"},\"potentialAction\":[{\"@type\":\"SearchAction\",\"target\":{\"@type\":\"EntryPoint\",\"urlTemplate\":\"https:\/\/www.ouffsonadvisoryinternational.com\/?s={search_term_string}\"},\"query-input\":\"required name=search_term_string\"}],\"inLanguage\":\"fr-FR\"},{\"@type\":\"Organization\",\"@id\":\"https:\/\/www.ouffsonadvisoryinternational.com\/#organization\",\"name\":\"OUFFSON ADVISORY INTERNATIONAL\",\"url\":\"https:\/\/www.ouffsonadvisoryinternational.com\/\",\"logo\":{\"@type\":\"ImageObject\",\"inLanguage\":\"fr-FR\",\"@id\":\"https:\/\/www.ouffsonadvisoryinternational.com\/#\/schema\/logo\/image\/\",\"url\":\"https:\/\/ouffsonadvisoryinternational.com\/wp-content\/uploads\/2023\/07\/cropped-Ouffson-Logo-1-1.png\",\"contentUrl\":\"https:\/\/ouffsonadvisoryinternational.com\/wp-content\/uploads\/2023\/07\/cropped-Ouffson-Logo-1-1.png\",\"width\":500,\"height\":200,\"caption\":\"OUFFSON ADVISORY INTERNATIONAL\"},\"image\":{\"@id\":\"https:\/\/www.ouffsonadvisoryinternational.com\/#\/schema\/logo\/image\/\"},\"sameAs\":[\"https:\/\/www.linkedin.com\/in\/andrew-konan-ouffoue-571413158\/\"]}]}<\/script>\n<!-- \/ Yoast SEO plugin. -->","yoast_head_json":{"title":"Q&amp;A on Public-Private Partnerships - OUFFSON ADVISORY INTERNATIONAL","description":"Ouffson Advisory International est un cabinet expert en infrastructure, investissement et finance. Notre \u00e9quipe propose des solutions strat\u00e9giques et innovantes pour les projets mondiaux. Contactez-nous pour des conseils d'experts et des services personnalis\u00e9s.","robots":{"index":"index","follow":"follow","max-snippet":"max-snippet:-1","max-image-preview":"max-image-preview:large","max-video-preview":"max-video-preview:-1"},"canonical":"https:\/\/www.ouffsonadvisoryinternational.com\/fr\/qa\/","og_locale":"fr_FR","og_type":"article","og_title":"Q&amp;A on Public-Private Partnerships - OUFFSON ADVISORY INTERNATIONAL","og_description":"Ouffson Advisory International est un cabinet expert en infrastructure, investissement et finance. Notre \u00e9quipe propose des solutions strat\u00e9giques et innovantes pour les projets mondiaux. Contactez-nous pour des conseils d'experts et des services personnalis\u00e9s.","og_url":"https:\/\/www.ouffsonadvisoryinternational.com\/fr\/qa\/","og_site_name":"OUFFSON ADVISORY INTERNATIONAL","article_modified_time":"2024-05-04T06:35:10+00:00","og_image":[{"width":500,"height":200,"url":"https:\/\/www.ouffsonadvisoryinternational.com\/wp-content\/uploads\/2023\/07\/cropped-Ouffson-Logo-1-1.png","type":"image\/png"}],"twitter_card":"summary_large_image","twitter_misc":{"Dur\u00e9e de lecture estim\u00e9e":"3 minutes"},"schema":{"@context":"https:\/\/schema.org","@graph":[{"@type":"WebPage","@id":"https:\/\/www.ouffsonadvisoryinternational.com\/qa\/","url":"https:\/\/www.ouffsonadvisoryinternational.com\/qa\/","name":"Q&amp;A on Public-Private Partnerships - OUFFSON ADVISORY INTERNATIONAL","isPartOf":{"@id":"https:\/\/www.ouffsonadvisoryinternational.com\/#website"},"datePublished":"2024-04-26T22:01:50+00:00","dateModified":"2024-05-04T06:35:10+00:00","description":"Ouffson Advisory International est un cabinet expert en infrastructure, investissement et finance. Notre \u00e9quipe propose des solutions strat\u00e9giques et innovantes pour les projets mondiaux. Contactez-nous pour des conseils d'experts et des services personnalis\u00e9s.","breadcrumb":{"@id":"https:\/\/www.ouffsonadvisoryinternational.com\/qa\/#breadcrumb"},"inLanguage":"fr-FR","potentialAction":[{"@type":"ReadAction","target":["https:\/\/www.ouffsonadvisoryinternational.com\/qa\/"]}]},{"@type":"BreadcrumbList","@id":"https:\/\/www.ouffsonadvisoryinternational.com\/qa\/#breadcrumb","itemListElement":[{"@type":"ListItem","position":1,"name":"Accueil","item":"https:\/\/www.ouffsonadvisoryinternational.com\/"},{"@type":"ListItem","position":2,"name":"Q&amp;A on Public-Private Partnerships"}]},{"@type":"WebSite","@id":"https:\/\/www.ouffsonadvisoryinternational.com\/#website","url":"https:\/\/www.ouffsonadvisoryinternational.com\/","name":"OUFFSON ADVISORY INTERNATIONAL","description":"Infrastructure | Investment | Finance","publisher":{"@id":"https:\/\/www.ouffsonadvisoryinternational.com\/#organization"},"potentialAction":[{"@type":"SearchAction","target":{"@type":"EntryPoint","urlTemplate":"https:\/\/www.ouffsonadvisoryinternational.com\/?s={search_term_string}"},"query-input":"required name=search_term_string"}],"inLanguage":"fr-FR"},{"@type":"Organization","@id":"https:\/\/www.ouffsonadvisoryinternational.com\/#organization","name":"OUFFSON ADVISORY INTERNATIONAL","url":"https:\/\/www.ouffsonadvisoryinternational.com\/","logo":{"@type":"ImageObject","inLanguage":"fr-FR","@id":"https:\/\/www.ouffsonadvisoryinternational.com\/#\/schema\/logo\/image\/","url":"https:\/\/ouffsonadvisoryinternational.com\/wp-content\/uploads\/2023\/07\/cropped-Ouffson-Logo-1-1.png","contentUrl":"https:\/\/ouffsonadvisoryinternational.com\/wp-content\/uploads\/2023\/07\/cropped-Ouffson-Logo-1-1.png","width":500,"height":200,"caption":"OUFFSON ADVISORY INTERNATIONAL"},"image":{"@id":"https:\/\/www.ouffsonadvisoryinternational.com\/#\/schema\/logo\/image\/"},"sameAs":["https:\/\/www.linkedin.com\/in\/andrew-konan-ouffoue-571413158\/"]}]}},"_links":{"self":[{"href":"https:\/\/www.ouffsonadvisoryinternational.com\/fr\/wp-json\/wp\/v2\/pages\/927","targetHints":{"allow":["GET"]}}],"collection":[{"href":"https:\/\/www.ouffsonadvisoryinternational.com\/fr\/wp-json\/wp\/v2\/pages"}],"about":[{"href":"https:\/\/www.ouffsonadvisoryinternational.com\/fr\/wp-json\/wp\/v2\/types\/page"}],"author":[{"embeddable":true,"href":"https:\/\/www.ouffsonadvisoryinternational.com\/fr\/wp-json\/wp\/v2\/users\/1"}],"replies":[{"embeddable":true,"href":"https:\/\/www.ouffsonadvisoryinternational.com\/fr\/wp-json\/wp\/v2\/comments?post=927"}],"version-history":[{"count":3,"href":"https:\/\/www.ouffsonadvisoryinternational.com\/fr\/wp-json\/wp\/v2\/pages\/927\/revisions"}],"predecessor-version":[{"id":1173,"href":"https:\/\/www.ouffsonadvisoryinternational.com\/fr\/wp-json\/wp\/v2\/pages\/927\/revisions\/1173"}],"wp:attachment":[{"href":"https:\/\/www.ouffsonadvisoryinternational.com\/fr\/wp-json\/wp\/v2\/media?parent=927"}],"curies":[{"name":"wp","href":"https:\/\/api.w.org\/{rel}","templated":true}]}}