{"id":930,"date":"2024-04-26T23:35:49","date_gmt":"2024-04-26T22:35:49","guid":{"rendered":"https:\/\/www.ouffsonadvisoryinternational.com\/?page_id=930"},"modified":"2024-04-26T23:35:50","modified_gmt":"2024-04-26T22:35:50","slug":"user-support-guide","status":"publish","type":"page","link":"https:\/\/www.ouffsonadvisoryinternational.com\/fr\/user-support-guide\/","title":{"rendered":"Guide d&#039;assistance utilisateur"},"content":{"rendered":"<h1 class=\"wp-block-heading\">Guide d&#039;assistance utilisateur pour www.ouffsonadvisoryinternational.com<\/h1>\n\n\n\n<p>Bienvenue dans le guide d&#039;assistance utilisateur pour acc\u00e9der et utiliser les services sur www.ouffsonadvisoryinternational.com. Ce guide vous aidera \u00e0 naviguer sur notre site Web, \u00e0 r\u00e9server un service ou \u00e0 demander un devis pour nos services de conseil. Suivez ces \u00e9tapes simples pour garantir une exp\u00e9rience fluide.<\/p>\n\n\n\n<h2 class=\"wp-block-heading\">Comment naviguer sur le site Web<\/h2>\n\n\n\n<ol class=\"wp-block-list\">\n<li><strong>Aper\u00e7u de la page d&#039;accueil\u00a0:<\/strong><\/li>\n<\/ol>\n\n\n\n<ul class=\"wp-block-list\">\n<li>Acc\u00e9dez \u00e0 notre site Web en entrant www.ouffsonadvisoryinternational.com dans votre navigateur Web.<\/li>\n\n\n\n<li>La page d&#039;accueil fournit un aper\u00e7u de nos services, y compris les partenariats public-priv\u00e9 (PPP), le conseil financier et la gestion de projet.<\/li>\n\n\n\n<li>Faites d\u00e9filer pour voir les points forts des projets r\u00e9cents, des t\u00e9moignages et les derni\u00e8res nouvelles.<\/li>\n<\/ul>\n\n\n\n<ol class=\"wp-block-list\">\n<li><strong>Rubrique Services\u00a0:<\/strong><\/li>\n<\/ol>\n\n\n\n<ul class=\"wp-block-list\">\n<li>Acc\u00e9dez \u00e0 la section \u00ab\u00a0Services\u00a0\u00bb dans le menu sup\u00e9rieur pour afficher des descriptions d\u00e9taill\u00e9es de tous les services que nous proposons.<\/li>\n\n\n\n<li>Chaque page de service comprend des d\u00e9tails sur ce que nous proposons et sur la mani\u00e8re dont ceux-ci peuvent b\u00e9n\u00e9ficier \u00e0 votre organisation ou projet.<\/li>\n<\/ul>\n\n\n\n<ol class=\"wp-block-list\">\n<li><strong>About Us:<\/strong><\/li>\n<\/ol>\n\n\n\n<ul class=\"wp-block-list\">\n<li>Learn more about Ouffson Advisory International in the \u2018About Us\u2019 section, where our history, mission, and values are discussed.<\/li>\n\n\n\n<li>This section also includes information about our team and their expertise.<\/li>\n<\/ul>\n\n\n\n<ol class=\"wp-block-list\">\n<li><strong>Coordonn\u00e9es:<\/strong><\/li>\n<\/ol>\n\n\n\n<ul class=\"wp-block-list\">\n<li>La section \u00ab\u00a0Contact\u00a0\u00bb fournit nos adresses e-mail, nos num\u00e9ros de t\u00e9l\u00e9phone et nos adresses physiques. Vous pouvez utiliser ces informations pour contacter directement des demandes plus sp\u00e9cifiques.<\/li>\n<\/ul>\n\n\n\n<h2 class=\"wp-block-heading\">R\u00e9servation d&#039;une prestation<\/h2>\n\n\n\n<ol class=\"wp-block-list\">\n<li><strong>S\u00e9lection d&#039;un service\u00a0:<\/strong><\/li>\n<\/ol>\n\n\n\n<ul class=\"wp-block-list\">\n<li>Depuis la page \u00ab\u00a0Services\u00a0\u00bb, choisissez le service qui vous int\u00e9resse.<\/li>\n\n\n\n<li>Chaque page de service contient une description d\u00e9taill\u00e9e ainsi que les r\u00e9sultats attendus et toutes les conditions pr\u00e9alables ou documentation requise.<\/li>\n<\/ul>\n\n\n\n<ol class=\"wp-block-list\">\n<li><strong>Processus de r\u00e9servation\u00a0:<\/strong><\/li>\n<\/ol>\n\n\n\n<ul class=\"wp-block-list\">\n<li>Cliquez sur le bouton \u00ab\u00a0R\u00e9server maintenant\u00a0\u00bb ou \u00ab\u00a0Planifier une consultation\u00a0\u00bb disponible sur la page du service concern\u00e9.<\/li>\n\n\n\n<li>Vous serez dirig\u00e9 vers un formulaire de r\u00e9servation dans lequel vous devrez remplir vos coordonn\u00e9es, notamment votre nom, vos coordonn\u00e9es et toute exigence ou question sp\u00e9cifique que vous pourriez avoir sur le service.<\/li>\n<\/ul>\n\n\n\n<ol class=\"wp-block-list\">\n<li><strong>Confirmation:<\/strong><\/li>\n<\/ol>\n\n\n\n<ul class=\"wp-block-list\">\n<li>Apr\u00e8s avoir soumis le formulaire de r\u00e9servation, vous recevrez un e-mail de confirmation de votre rendez-vous.<\/li>\n\n\n\n<li>Notre \u00e9quipe peut vous contacter par e-mail ou par t\u00e9l\u00e9phone pour confirmer les d\u00e9tails et pr\u00e9parer votre consultation.<\/li>\n<\/ul>\n\n\n\n<h2 class=\"wp-block-heading\">Demander un devis<\/h2>\n\n\n\n<ol class=\"wp-block-list\">\n<li><strong>Acc\u00e9dez au formulaire de devis :<\/strong><\/li>\n<\/ol>\n\n\n\n<ul class=\"wp-block-list\">\n<li>Acc\u00e9dez \u00e0 la page \u00ab\u00a0Contact\u00a0\u00bb o\u00f9 vous trouverez la possibilit\u00e9 de demander un devis.<\/li>\n\n\n\n<li>Vous pouvez \u00e9galement acc\u00e9der \u00e0 ce formulaire directement depuis n&#039;importe quelle page du service en cliquant sur \u00ab\u00a0Demander un devis\u00a0\u00bb.<\/li>\n<\/ul>\n\n\n\n<ol class=\"wp-block-list\">\n<li><strong>Remplir le formulaire\u00a0:<\/strong><\/li>\n<\/ol>\n\n\n\n<ul class=\"wp-block-list\">\n<li>Fournissez des informations d\u00e9taill\u00e9es sur votre projet ou le service pour lequel vous avez besoin d\u2019un devis. Incluez toutes les exigences sp\u00e9cifiques, les d\u00e9lais et la port\u00e9e du projet.<\/li>\n\n\n\n<li>Plus vous fournissez d\u2019informations, plus votre devis sera pr\u00e9cis.<\/li>\n<\/ul>\n\n\n\n<ol class=\"wp-block-list\">\n<li><strong>Soumission et suivi\u00a0:<\/strong><\/li>\n<\/ol>\n\n\n\n<ul class=\"wp-block-list\">\n<li>Soumettez le formulaire de devis en cliquant sur le bouton \u00ab Soumettre \u00bb en bas de la page.<\/li>\n\n\n\n<li>Notre \u00e9quipe examinera votre demande et vous r\u00e9pondra avec une proposition d\u00e9taill\u00e9e et un devis dans un d\u00e9lai sp\u00e9cifi\u00e9, g\u00e9n\u00e9ralement sous 48 heures.<\/li>\n<\/ul>\n\n\n\n<ol class=\"wp-block-list\">\n<li><strong>Examen et confirmation\u00a0:<\/strong><\/li>\n<\/ol>\n\n\n\n<ul class=\"wp-block-list\">\n<li>Une fois que vous recevez le devis, examinez-le attentivement. S&#039;il y a des aspects dont vous souhaiteriez discuter ou n\u00e9gocier, vous pouvez contacter notre \u00e9quipe pour des discussions plus approfondies.<\/li>\n\n\n\n<li>Confirmez votre acceptation du devis pour d\u00e9marrer le projet ou pour finaliser les d\u00e9tails de la prestation.<\/li>\n<\/ul>\n\n\n\n<h2 class=\"wp-block-heading\">Soutien technique<\/h2>\n\n\n\n<p>If you encounter any technical issues while using the website, such as trouble logging in, booking a service, or submitting forms, please contact our support team by emailing info@ouffsonadvisoryinternational.com. We aim to resolve technical issues promptly to ensure a seamless user experience.<\/p>\n\n\n\n<p>Nous esp\u00e9rons que ce guide vous aidera \u00e0 naviguer efficacement sur www.ouffsonadvisoryinternational.com. Chez Ouffson Advisory International, nous nous engageons \u00e0 vous fournir un excellent service et une excellente assistance. Pour obtenir de l\u2019aide, n\u2019h\u00e9sitez pas \u00e0 nous contacter via notre site Web ou via les coordonn\u00e9es fournies. Merci d&#039;avoir choisi Ouffson Advisory International.<\/p>","protected":false},"excerpt":{"rendered":"<p class=\"tx-excerpt\">User Support Guide for www.ouffsonadvisoryinternational.com Welcome to the user support guide for accessing and utilizing services on www.ouffsonadvisoryinternational.com. This guide will assist you in navigating our website, booking a service, or requesting a","protected":false},"author":1,"featured_media":0,"parent":0,"menu_order":0,"comment_status":"closed","ping_status":"closed","template":"","meta":{"footnotes":""},"class_list":["post-930","page","type-page","status-publish","hentry"],"yoast_head":"<!-- This site is optimized with the Yoast SEO plugin v22.6 - https:\/\/yoast.com\/wordpress\/plugins\/seo\/ -->\n<title>User Support Guide - OUFFSON ADVISORY INTERNATIONAL<\/title>\n<meta name=\"description\" content=\"Ouffson Advisory International est un cabinet expert en infrastructure, investissement et finance. Notre \u00e9quipe propose des solutions strat\u00e9giques et innovantes pour les projets mondiaux. Contactez-nous pour des conseils d&#039;experts et des services personnalis\u00e9s.\" \/>\n<meta name=\"robots\" content=\"index, follow, max-snippet:-1, max-image-preview:large, max-video-preview:-1\" \/>\n<link rel=\"canonical\" href=\"https:\/\/www.ouffsonadvisoryinternational.com\/fr\/en\/user-support-guide\/\" \/>\n<meta property=\"og:locale\" content=\"fr_FR\" \/>\n<meta property=\"og:type\" content=\"article\" \/>\n<meta property=\"og:title\" content=\"User Support Guide - OUFFSON ADVISORY INTERNATIONAL\" \/>\n<meta property=\"og:description\" content=\"Ouffson Advisory International est un cabinet expert en infrastructure, investissement et finance. Notre \u00e9quipe propose des solutions strat\u00e9giques et innovantes pour les projets mondiaux. Contactez-nous pour des conseils d&#039;experts et des services personnalis\u00e9s.\" \/>\n<meta property=\"og:url\" content=\"https:\/\/www.ouffsonadvisoryinternational.com\/fr\/en\/user-support-guide\/\" \/>\n<meta property=\"og:site_name\" content=\"OUFFSON ADVISORY INTERNATIONAL\" \/>\n<meta property=\"article:modified_time\" content=\"2024-04-26T22:35:50+00:00\" \/>\n<meta property=\"og:image\" content=\"https:\/\/www.ouffsonadvisoryinternational.com\/wp-content\/uploads\/2023\/07\/cropped-Ouffson-Logo-1-1.png\" \/>\n\t<meta property=\"og:image:width\" content=\"500\" \/>\n\t<meta property=\"og:image:height\" content=\"200\" \/>\n\t<meta property=\"og:image:type\" content=\"image\/png\" \/>\n<meta name=\"twitter:card\" content=\"summary_large_image\" \/>\n<meta name=\"twitter:label1\" content=\"Dur\u00e9e de lecture estim\u00e9e\" \/>\n\t<meta name=\"twitter:data1\" content=\"3 minutes\" \/>\n<script type=\"application\/ld+json\" class=\"yoast-schema-graph\">{\"@context\":\"https:\/\/schema.org\",\"@graph\":[{\"@type\":\"WebPage\",\"@id\":\"https:\/\/www.ouffsonadvisoryinternational.com\/en\/user-support-guide\/\",\"url\":\"https:\/\/www.ouffsonadvisoryinternational.com\/en\/user-support-guide\/\",\"name\":\"User Support Guide - OUFFSON ADVISORY INTERNATIONAL\",\"isPartOf\":{\"@id\":\"https:\/\/www.ouffsonadvisoryinternational.com\/#website\"},\"datePublished\":\"2024-04-26T22:35:49+00:00\",\"dateModified\":\"2024-04-26T22:35:50+00:00\",\"description\":\"Ouffson Advisory International est un cabinet expert en infrastructure, investissement et finance. Notre \u00e9quipe propose des solutions strat\u00e9giques et innovantes pour les projets mondiaux. Contactez-nous pour des conseils d'experts et des services personnalis\u00e9s.\",\"breadcrumb\":{\"@id\":\"https:\/\/www.ouffsonadvisoryinternational.com\/en\/user-support-guide\/#breadcrumb\"},\"inLanguage\":\"fr-FR\",\"potentialAction\":[{\"@type\":\"ReadAction\",\"target\":[\"https:\/\/www.ouffsonadvisoryinternational.com\/en\/user-support-guide\/\"]}]},{\"@type\":\"BreadcrumbList\",\"@id\":\"https:\/\/www.ouffsonadvisoryinternational.com\/en\/user-support-guide\/#breadcrumb\",\"itemListElement\":[{\"@type\":\"ListItem\",\"position\":1,\"name\":\"Accueil\",\"item\":\"https:\/\/www.ouffsonadvisoryinternational.com\/\"},{\"@type\":\"ListItem\",\"position\":2,\"name\":\"User Support Guide\"}]},{\"@type\":\"WebSite\",\"@id\":\"https:\/\/www.ouffsonadvisoryinternational.com\/#website\",\"url\":\"https:\/\/www.ouffsonadvisoryinternational.com\/\",\"name\":\"OUFFSON ADVISORY INTERNATIONAL\",\"description\":\"Infrastructure | Investment | Finance\",\"publisher\":{\"@id\":\"https:\/\/www.ouffsonadvisoryinternational.com\/#organization\"},\"potentialAction\":[{\"@type\":\"SearchAction\",\"target\":{\"@type\":\"EntryPoint\",\"urlTemplate\":\"https:\/\/www.ouffsonadvisoryinternational.com\/?s={search_term_string}\"},\"query-input\":\"required name=search_term_string\"}],\"inLanguage\":\"fr-FR\"},{\"@type\":\"Organization\",\"@id\":\"https:\/\/www.ouffsonadvisoryinternational.com\/#organization\",\"name\":\"OUFFSON ADVISORY INTERNATIONAL\",\"url\":\"https:\/\/www.ouffsonadvisoryinternational.com\/\",\"logo\":{\"@type\":\"ImageObject\",\"inLanguage\":\"fr-FR\",\"@id\":\"https:\/\/www.ouffsonadvisoryinternational.com\/#\/schema\/logo\/image\/\",\"url\":\"https:\/\/ouffsonadvisoryinternational.com\/wp-content\/uploads\/2023\/07\/cropped-Ouffson-Logo-1-1.png\",\"contentUrl\":\"https:\/\/ouffsonadvisoryinternational.com\/wp-content\/uploads\/2023\/07\/cropped-Ouffson-Logo-1-1.png\",\"width\":500,\"height\":200,\"caption\":\"OUFFSON ADVISORY INTERNATIONAL\"},\"image\":{\"@id\":\"https:\/\/www.ouffsonadvisoryinternational.com\/#\/schema\/logo\/image\/\"},\"sameAs\":[\"https:\/\/www.linkedin.com\/in\/andrew-konan-ouffoue-571413158\/\"]}]}<\/script>\n<!-- \/ Yoast SEO plugin. -->","yoast_head_json":{"title":"User Support Guide - OUFFSON ADVISORY INTERNATIONAL","description":"Ouffson Advisory International est un cabinet expert en infrastructure, investissement et finance. Notre \u00e9quipe propose des solutions strat\u00e9giques et innovantes pour les projets mondiaux. Contactez-nous pour des conseils d'experts et des services personnalis\u00e9s.","robots":{"index":"index","follow":"follow","max-snippet":"max-snippet:-1","max-image-preview":"max-image-preview:large","max-video-preview":"max-video-preview:-1"},"canonical":"https:\/\/www.ouffsonadvisoryinternational.com\/fr\/en\/user-support-guide\/","og_locale":"fr_FR","og_type":"article","og_title":"User Support Guide - OUFFSON ADVISORY INTERNATIONAL","og_description":"Ouffson Advisory International est un cabinet expert en infrastructure, investissement et finance. Notre \u00e9quipe propose des solutions strat\u00e9giques et innovantes pour les projets mondiaux. Contactez-nous pour des conseils d'experts et des services personnalis\u00e9s.","og_url":"https:\/\/www.ouffsonadvisoryinternational.com\/fr\/en\/user-support-guide\/","og_site_name":"OUFFSON ADVISORY INTERNATIONAL","article_modified_time":"2024-04-26T22:35:50+00:00","og_image":[{"width":500,"height":200,"url":"https:\/\/www.ouffsonadvisoryinternational.com\/wp-content\/uploads\/2023\/07\/cropped-Ouffson-Logo-1-1.png","type":"image\/png"}],"twitter_card":"summary_large_image","twitter_misc":{"Dur\u00e9e de lecture estim\u00e9e":"3 minutes"},"schema":{"@context":"https:\/\/schema.org","@graph":[{"@type":"WebPage","@id":"https:\/\/www.ouffsonadvisoryinternational.com\/en\/user-support-guide\/","url":"https:\/\/www.ouffsonadvisoryinternational.com\/en\/user-support-guide\/","name":"User Support Guide - OUFFSON ADVISORY INTERNATIONAL","isPartOf":{"@id":"https:\/\/www.ouffsonadvisoryinternational.com\/#website"},"datePublished":"2024-04-26T22:35:49+00:00","dateModified":"2024-04-26T22:35:50+00:00","description":"Ouffson Advisory International est un cabinet expert en infrastructure, investissement et finance. Notre \u00e9quipe propose des solutions strat\u00e9giques et innovantes pour les projets mondiaux. Contactez-nous pour des conseils d'experts et des services personnalis\u00e9s.","breadcrumb":{"@id":"https:\/\/www.ouffsonadvisoryinternational.com\/en\/user-support-guide\/#breadcrumb"},"inLanguage":"fr-FR","potentialAction":[{"@type":"ReadAction","target":["https:\/\/www.ouffsonadvisoryinternational.com\/en\/user-support-guide\/"]}]},{"@type":"BreadcrumbList","@id":"https:\/\/www.ouffsonadvisoryinternational.com\/en\/user-support-guide\/#breadcrumb","itemListElement":[{"@type":"ListItem","position":1,"name":"Accueil","item":"https:\/\/www.ouffsonadvisoryinternational.com\/"},{"@type":"ListItem","position":2,"name":"User Support Guide"}]},{"@type":"WebSite","@id":"https:\/\/www.ouffsonadvisoryinternational.com\/#website","url":"https:\/\/www.ouffsonadvisoryinternational.com\/","name":"OUFFSON ADVISORY INTERNATIONAL","description":"Infrastructure | Investment | Finance","publisher":{"@id":"https:\/\/www.ouffsonadvisoryinternational.com\/#organization"},"potentialAction":[{"@type":"SearchAction","target":{"@type":"EntryPoint","urlTemplate":"https:\/\/www.ouffsonadvisoryinternational.com\/?s={search_term_string}"},"query-input":"required name=search_term_string"}],"inLanguage":"fr-FR"},{"@type":"Organization","@id":"https:\/\/www.ouffsonadvisoryinternational.com\/#organization","name":"OUFFSON ADVISORY INTERNATIONAL","url":"https:\/\/www.ouffsonadvisoryinternational.com\/","logo":{"@type":"ImageObject","inLanguage":"fr-FR","@id":"https:\/\/www.ouffsonadvisoryinternational.com\/#\/schema\/logo\/image\/","url":"https:\/\/ouffsonadvisoryinternational.com\/wp-content\/uploads\/2023\/07\/cropped-Ouffson-Logo-1-1.png","contentUrl":"https:\/\/ouffsonadvisoryinternational.com\/wp-content\/uploads\/2023\/07\/cropped-Ouffson-Logo-1-1.png","width":500,"height":200,"caption":"OUFFSON ADVISORY INTERNATIONAL"},"image":{"@id":"https:\/\/www.ouffsonadvisoryinternational.com\/#\/schema\/logo\/image\/"},"sameAs":["https:\/\/www.linkedin.com\/in\/andrew-konan-ouffoue-571413158\/"]}]}},"_links":{"self":[{"href":"https:\/\/www.ouffsonadvisoryinternational.com\/fr\/wp-json\/wp\/v2\/pages\/930","targetHints":{"allow":["GET"]}}],"collection":[{"href":"https:\/\/www.ouffsonadvisoryinternational.com\/fr\/wp-json\/wp\/v2\/pages"}],"about":[{"href":"https:\/\/www.ouffsonadvisoryinternational.com\/fr\/wp-json\/wp\/v2\/types\/page"}],"author":[{"embeddable":true,"href":"https:\/\/www.ouffsonadvisoryinternational.com\/fr\/wp-json\/wp\/v2\/users\/1"}],"replies":[{"embeddable":true,"href":"https:\/\/www.ouffsonadvisoryinternational.com\/fr\/wp-json\/wp\/v2\/comments?post=930"}],"version-history":[{"count":1,"href":"https:\/\/www.ouffsonadvisoryinternational.com\/fr\/wp-json\/wp\/v2\/pages\/930\/revisions"}],"predecessor-version":[{"id":931,"href":"https:\/\/www.ouffsonadvisoryinternational.com\/fr\/wp-json\/wp\/v2\/pages\/930\/revisions\/931"}],"wp:attachment":[{"href":"https:\/\/www.ouffsonadvisoryinternational.com\/fr\/wp-json\/wp\/v2\/media?parent=930"}],"curies":[{"name":"wp","href":"https:\/\/api.w.org\/{rel}","templated":true}]}}